{"id":9279,"date":"2025-10-28T04:04:56","date_gmt":"2025-10-28T04:04:56","guid":{"rendered":"https:\/\/www.carliseppf.com\/?post_type=product&#038;p=9279"},"modified":"2025-11-20T12:07:38","modified_gmt":"2025-11-20T12:07:38","slug":"car-window-tint-purple-2mil","status":"publish","type":"product","link":"https:\/\/www.carliseppf.com\/pt\/product\/car-window-tint-purple-2mil\/","title":{"rendered":"Filme Camale\u00e3o Roxo de 2 mil \u2013 Filme de Filme de Vidro Premium para Carros"},"content":{"rendered":"<h2 data-start=\"678\" data-end=\"699\">Vis\u00e3o Geral do Produto<\/h2>\n<p data-start=\"700\" data-end=\"1013\">Este <strong data-start=\"705\" data-end=\"724\">pel\u00edcula de escurecimento de janelas de carro<\/strong> possui espessura de 2 mil e um efeito \u00fanico de chameleon azul, oferecendo rejei\u00e7\u00e3o superior de calor, prote\u00e7\u00e3o UV e privacidade aprimorada para o ve\u00edculo. Perfeito para carros, SUVs, caminh\u00f5es e motocicletas. Fornecimento direto de f\u00e1brica apoia pedidos em grande quantidade e tamanhos personaliz\u00e1veis para instaladores profissionais.<\/p>\n<h2 style=\"color: #ffffff; font-family: Manrope, sans-serif; font-size: 47.005px; font-weight: 600; font-style: normal; line-height: 47.9921px; text-decoration: none; text-transform: none; letter-spacing: normal; margin-top: 31.4934px; margin-bottom: 22.5624px; outline: 0px;\" data-start=\"1327\" data-end=\"1350\"><img fetchpriority=\"high\" decoding=\"async\" class=\"alignnone wp-image-9268 size-full\" style=\"color: #c0c0c1; font-size: 17px; font-weight: 400;\" src=\"https:\/\/www.carliseppf.com\/wp-content\/uploads\/2025\/10\/7ff4d022d5fb57cf43e71cfed1c3d236.png\" alt=\"pel\u00edcula de escurecimento de janelas de carro\" width=\"800\" height=\"800\" srcset=\"https:\/\/www.carliseppf.com\/wp-content\/uploads\/2025\/10\/7ff4d022d5fb57cf43e71cfed1c3d236.png 800w, https:\/\/www.carliseppf.com\/wp-content\/uploads\/2025\/10\/7ff4d022d5fb57cf43e71cfed1c3d236-300x300.png 300w, https:\/\/www.carliseppf.com\/wp-content\/uploads\/2025\/10\/7ff4d022d5fb57cf43e71cfed1c3d236-150x150.png 150w, https:\/\/www.carliseppf.com\/wp-content\/uploads\/2025\/10\/7ff4d022d5fb57cf43e71cfed1c3d236-768x768.png 768w, https:\/\/www.carliseppf.com\/wp-content\/uploads\/2025\/10\/7ff4d022d5fb57cf43e71cfed1c3d236-370x370.png 370w, https:\/\/www.carliseppf.com\/wp-content\/uploads\/2025\/10\/7ff4d022d5fb57cf43e71cfed1c3d236-120x120.png 120w, https:\/\/www.carliseppf.com\/wp-content\/uploads\/2025\/10\/7ff4d022d5fb57cf43e71cfed1c3d236-410x410.png 410w, https:\/\/www.carliseppf.com\/wp-content\/uploads\/2025\/10\/7ff4d022d5fb57cf43e71cfed1c3d236-630x630.png 630w, https:\/\/www.carliseppf.com\/wp-content\/uploads\/2025\/10\/7ff4d022d5fb57cf43e71cfed1c3d236-730x730.png 730w, https:\/\/www.carliseppf.com\/wp-content\/uploads\/2025\/10\/7ff4d022d5fb57cf43e71cfed1c3d236-460x460.png 460w\" sizes=\"(max-width: 800px) 100vw, 800px\" \/><\/h2>\n<h2 data-start=\"1015\" data-end=\"1039\">Recursos &amp; Benef\u00edcios<\/h2>\n<ul data-start=\"1040\" data-end=\"1325\">\n<li data-start=\"1040\" data-end=\"1097\">\n<p data-start=\"1042\" data-end=\"1097\">Alta qualidade <strong data-start=\"1055\" data-end=\"1074\">pel\u00edcula de escurecimento de janelas de carro<\/strong> com espessura de 2 mil<\/p>\n<\/li>\n<li data-start=\"1098\" data-end=\"1154\">\n<p data-start=\"1100\" data-end=\"1154\">Cor \u00fanica de camale\u00e3o roxo para apar\u00eancia elegante<\/p>\n<\/li>\n<li data-start=\"1155\" data-end=\"1213\">\n<p data-start=\"1157\" data-end=\"1213\">Propriedades resistentes a UV, redu\u00e7\u00e3o de calor e anti-reflexo<\/p>\n<\/li>\n<li data-start=\"1214\" data-end=\"1254\">\n<p data-start=\"1216\" data-end=\"1254\">F\u00e1cil de aplicar em todas as janelas do ve\u00edculo<\/p>\n<\/li>\n<li data-start=\"1255\" data-end=\"1325\">\n<p data-start=\"1257\" data-end=\"1325\">Ideal para pedidos em grande quantidade, tamanhos personalizados e instala\u00e7\u00e3o profissional<\/p>\n<\/li>\n<\/ul>\n<h2 data-start=\"1327\" data-end=\"1350\">Material e Qualidade<\/h2>\n<ul data-start=\"1351\" data-end=\"1512\">\n<li data-start=\"1351\" data-end=\"1388\">\n<p data-start=\"1353\" data-end=\"1388\">Filme PET de grau automotivo premium<\/p>\n<\/li>\n<li data-start=\"1389\" data-end=\"1437\">\n<p data-start=\"1391\" data-end=\"1437\">Dur\u00e1vel, resistente a riscos e de longa dura\u00e7\u00e3o<\/p>\n<\/li>\n<li data-start=\"1438\" data-end=\"1483\">\n<p data-start=\"1440\" data-end=\"1483\">Mant\u00e9m a clareza enquanto fornece privacidade<\/p>\n<\/li>\n<li data-start=\"1484\" data-end=\"1512\">\n<p data-start=\"1486\" data-end=\"1512\">Seguro para todas as janelas OEM<\/p>\n<\/li>\n<\/ul>\n<h2 data-start=\"1514\" data-end=\"1547\">Instala\u00e7\u00e3o &amp; Personaliza\u00e7\u00e3o<\/h2>\n<ul data-start=\"1548\" data-end=\"1756\">\n<li data-start=\"1548\" data-end=\"1600\">\n<p data-start=\"1550\" data-end=\"1600\">Adesivo de libera\u00e7\u00e3o de ar para aplica\u00e7\u00e3o sem bolhas<\/p>\n<\/li>\n<li data-start=\"1601\" data-end=\"1639\">\n<p data-start=\"1603\" data-end=\"1639\">Form\u00e1vel ao calor para curvas e arestas<\/p>\n<\/li>\n<li data-start=\"1640\" data-end=\"1701\">\n<p data-start=\"1642\" data-end=\"1701\">Bobinas personaliz\u00e1veis dispon\u00edveis para pedidos em grande quantidade ou atacado<\/p>\n<\/li>\n<li data-start=\"1702\" data-end=\"1756\">\n<p data-start=\"1704\" data-end=\"1756\">Adequado para instaladores profissionais e usu\u00e1rios de bricolagem<\/p>\n<\/li>\n<\/ul>\n<h2 data-start=\"1758\" data-end=\"1775\">Aplica\u00e7\u00f5es<\/h2>\n<ul data-start=\"1776\" data-end=\"1947\">\n<li data-start=\"1776\" data-end=\"1835\">\n<p data-start=\"1778\" data-end=\"1835\">Cobertura completa das janelas do carro para privacidade e rejei\u00e7\u00e3o de calor<\/p>\n<\/li>\n<li data-start=\"1836\" data-end=\"1895\">\n<p data-start=\"1838\" data-end=\"1895\">Aplica\u00e7\u00e3o parcial de filme nas janelas dianteiras, laterais ou traseiras<\/p>\n<\/li>\n<li data-start=\"1896\" data-end=\"1947\">\n<p data-start=\"1898\" data-end=\"1947\">Perfeito para carros, SUVs, caminh\u00f5es e motocicletas<\/p>\n<\/li>\n<\/ul>\n<h2 data-start=\"1949\" data-end=\"1968\">Vantagens principais<\/h2>\n<ul data-start=\"1969\" data-end=\"2268\">\n<li data-start=\"1969\" data-end=\"2030\">\n<p data-start=\"1971\" data-end=\"2030\">Efeito de camale\u00e3o roxo elegante para um visual \u00fanico do ve\u00edculo<\/p>\n<\/li>\n<li data-start=\"2031\" data-end=\"2089\">\n<p data-start=\"2033\" data-end=\"2089\">Fornecimento direto de f\u00e1brica e personaliza\u00e7\u00e3o em grande quantidade dispon\u00edveis<\/p>\n<\/li>\n<li data-start=\"2090\" data-end=\"2140\">\n<p data-start=\"2092\" data-end=\"2140\">De grau profissional <strong data-start=\"2111\" data-end=\"2130\">pel\u00edcula de escurecimento de janelas de carro<\/strong> qualidade<\/p>\n<\/li>\n<li data-start=\"2141\" data-end=\"2204\">\n<p data-start=\"2143\" data-end=\"2204\">Instala\u00e7\u00e3o f\u00e1cil para usu\u00e1rios de bricolagem e instaladores profissionais<\/p>\n<\/li>\n<li data-start=\"2205\" data-end=\"2268\">\n<p data-start=\"2207\" data-end=\"2268\">Ideal para oficinas automotivas, instaladores e entusiastas de carros<\/p>\n<\/li>\n<\/ul>\n<h2 data-start=\"2270\" data-end=\"2291\">Inclui no pacote<\/h2>\n<ul data-start=\"2292\" data-end=\"2418\">\n<li data-start=\"2292\" data-end=\"2349\">\n<p data-start=\"2294\" data-end=\"2349\">1 Rolo de Filme de Filme de Escurecimento de Janelas de Carro Camale\u00e3o Roxo de 2 mil\u00edmetros<\/p>\n<\/li>\n<li data-start=\"2350\" data-end=\"2418\">\n<p data-start=\"2352\" data-end=\"2418\">Kit de instala\u00e7\u00e3o opcional: esp\u00e1tula, l\u00e2mina, pano de microfibra<\/p>\n<\/li>\n<\/ul>\n<h2 data-start=\"2420\" data-end=\"2449\">Por que escolher este produto?<\/h2>\n<p data-start=\"2450\" data-end=\"2673\">Este filme premium <strong data-start=\"2463\" data-end=\"2482\">pel\u00edcula de escurecimento de janelas de carro<\/strong> oferece um equil\u00edbrio perfeito entre estilo, prote\u00e7\u00e3o UV, rejei\u00e7\u00e3o de calor e privacidade. Fornecimento direto de f\u00e1brica garante pedidos em grande quantidade e personaliza\u00e7\u00e3o para instaladores profissionais ou entusiastas de carros.<\/p>\n<p>\u00a0<img decoding=\"async\" class=\"alignnone wp-image-9269 size-full\" src=\"https:\/\/www.carliseppf.com\/wp-content\/uploads\/2025\/10\/ba2d5564652e49302b748bd4da89e49d.png\" alt=\"Filme de Escurecimento de Janelas de Carro \u2013 Filme de Camale\u00e3o Roxo de 2 mil\u00edmetros para Cobertura Completa do Ve\u00edculo\" width=\"800\" height=\"800\" srcset=\"https:\/\/www.carliseppf.com\/wp-content\/uploads\/2025\/10\/ba2d5564652e49302b748bd4da89e49d.png 800w, https:\/\/www.carliseppf.com\/wp-content\/uploads\/2025\/10\/ba2d5564652e49302b748bd4da89e49d-300x300.png 300w, https:\/\/www.carliseppf.com\/wp-content\/uploads\/2025\/10\/ba2d5564652e49302b748bd4da89e49d-150x150.png 150w, https:\/\/www.carliseppf.com\/wp-content\/uploads\/2025\/10\/ba2d5564652e49302b748bd4da89e49d-768x768.png 768w, https:\/\/www.carliseppf.com\/wp-content\/uploads\/2025\/10\/ba2d5564652e49302b748bd4da89e49d-370x370.png 370w, https:\/\/www.carliseppf.com\/wp-content\/uploads\/2025\/10\/ba2d5564652e49302b748bd4da89e49d-120x120.png 120w, https:\/\/www.carliseppf.com\/wp-content\/uploads\/2025\/10\/ba2d5564652e49302b748bd4da89e49d-410x410.png 410w, https:\/\/www.carliseppf.com\/wp-content\/uploads\/2025\/10\/ba2d5564652e49302b748bd4da89e49d-630x630.png 630w, https:\/\/www.carliseppf.com\/wp-content\/uploads\/2025\/10\/ba2d5564652e49302b748bd4da89e49d-730x730.png 730w, https:\/\/www.carliseppf.com\/wp-content\/uploads\/2025\/10\/ba2d5564652e49302b748bd4da89e49d-460x460.png 460w\" sizes=\"(max-width: 800px) 100vw, 800px\" \/> <img decoding=\"async\" class=\"alignnone wp-image-9273 size-full\" src=\"https:\/\/www.carliseppf.com\/wp-content\/uploads\/2025\/10\/2a17e4b44799b2f3aabc02d82c4e1fcd.png\" alt=\"Filme de Escurecimento de Janelas de Alta Qualidade \u2013 Prote\u00e7\u00e3o UV e Rejei\u00e7\u00e3o de Calor\" width=\"800\" height=\"989\" srcset=\"https:\/\/www.carliseppf.com\/wp-content\/uploads\/2025\/10\/2a17e4b44799b2f3aabc02d82c4e1fcd.png 800w, https:\/\/www.carliseppf.com\/wp-content\/uploads\/2025\/10\/2a17e4b44799b2f3aabc02d82c4e1fcd-243x300.png 243w, https:\/\/www.carliseppf.com\/wp-content\/uploads\/2025\/10\/2a17e4b44799b2f3aabc02d82c4e1fcd-768x949.png 768w, https:\/\/www.carliseppf.com\/wp-content\/uploads\/2025\/10\/2a17e4b44799b2f3aabc02d82c4e1fcd-370x457.png 370w, https:\/\/www.carliseppf.com\/wp-content\/uploads\/2025\/10\/2a17e4b44799b2f3aabc02d82c4e1fcd-410x507.png 410w, https:\/\/www.carliseppf.com\/wp-content\/uploads\/2025\/10\/2a17e4b44799b2f3aabc02d82c4e1fcd-730x902.png 730w\" sizes=\"(max-width: 800px) 100vw, 800px\" \/> <img loading=\"lazy\" decoding=\"async\" class=\"alignnone wp-image-9274 size-full\" src=\"https:\/\/www.carliseppf.com\/wp-content\/uploads\/2025\/10\/0c6be8a5589ebcb8d9bda893698f4c8c.png\" alt=\"Filme de Escurecimento de Janelas de Carro Estiloso Roxo \u2013 Filme Dur\u00e1vel e Resistente a Arranh\u00f5es\" width=\"800\" height=\"800\" srcset=\"https:\/\/www.carliseppf.com\/wp-content\/uploads\/2025\/10\/0c6be8a5589ebcb8d9bda893698f4c8c.png 800w, https:\/\/www.carliseppf.com\/wp-content\/uploads\/2025\/10\/0c6be8a5589ebcb8d9bda893698f4c8c-300x300.png 300w, https:\/\/www.carliseppf.com\/wp-content\/uploads\/2025\/10\/0c6be8a5589ebcb8d9bda893698f4c8c-150x150.png 150w, https:\/\/www.carliseppf.com\/wp-content\/uploads\/2025\/10\/0c6be8a5589ebcb8d9bda893698f4c8c-768x768.png 768w, https:\/\/www.carliseppf.com\/wp-content\/uploads\/2025\/10\/0c6be8a5589ebcb8d9bda893698f4c8c-370x370.png 370w, https:\/\/www.carliseppf.com\/wp-content\/uploads\/2025\/10\/0c6be8a5589ebcb8d9bda893698f4c8c-120x120.png 120w, https:\/\/www.carliseppf.com\/wp-content\/uploads\/2025\/10\/0c6be8a5589ebcb8d9bda893698f4c8c-410x410.png 410w, https:\/\/www.carliseppf.com\/wp-content\/uploads\/2025\/10\/0c6be8a5589ebcb8d9bda893698f4c8c-630x630.png 630w, https:\/\/www.carliseppf.com\/wp-content\/uploads\/2025\/10\/0c6be8a5589ebcb8d9bda893698f4c8c-730x730.png 730w, https:\/\/www.carliseppf.com\/wp-content\/uploads\/2025\/10\/0c6be8a5589ebcb8d9bda893698f4c8c-460x460.png 460w\" sizes=\"(max-width: 800px) 100vw, 800px\" \/> <img loading=\"lazy\" decoding=\"async\" class=\"alignnone wp-image-9272 size-full\" src=\"https:\/\/www.carliseppf.com\/wp-content\/uploads\/2025\/10\/5069f7764369e32b60f8acc95cfde4ab.png\" alt=\"Escurecimento de Janelas de Carro Direto da F\u00e1brica \u2013 Filme de Camale\u00e3o de 2 mil\u00edmetros para Carros e SUVs\" width=\"800\" height=\"800\" srcset=\"https:\/\/www.carliseppf.com\/wp-content\/uploads\/2025\/10\/5069f7764369e32b60f8acc95cfde4ab.png 800w, https:\/\/www.carliseppf.com\/wp-content\/uploads\/2025\/10\/5069f7764369e32b60f8acc95cfde4ab-300x300.png 300w, https:\/\/www.carliseppf.com\/wp-content\/uploads\/2025\/10\/5069f7764369e32b60f8acc95cfde4ab-150x150.png 150w, https:\/\/www.carliseppf.com\/wp-content\/uploads\/2025\/10\/5069f7764369e32b60f8acc95cfde4ab-768x768.png 768w, https:\/\/www.carliseppf.com\/wp-content\/uploads\/2025\/10\/5069f7764369e32b60f8acc95cfde4ab-370x370.png 370w, https:\/\/www.carliseppf.com\/wp-content\/uploads\/2025\/10\/5069f7764369e32b60f8acc95cfde4ab-120x120.png 120w, https:\/\/www.carliseppf.com\/wp-content\/uploads\/2025\/10\/5069f7764369e32b60f8acc95cfde4ab-410x410.png 410w, https:\/\/www.carliseppf.com\/wp-content\/uploads\/2025\/10\/5069f7764369e32b60f8acc95cfde4ab-630x630.png 630w, https:\/\/www.carliseppf.com\/wp-content\/uploads\/2025\/10\/5069f7764369e32b60f8acc95cfde4ab-730x730.png 730w, https:\/\/www.carliseppf.com\/wp-content\/uploads\/2025\/10\/5069f7764369e32b60f8acc95cfde4ab-460x460.png 460w\" sizes=\"(max-width: 800px) 100vw, 800px\" \/> <img loading=\"lazy\" decoding=\"async\" class=\"alignnone wp-image-9271 size-full\" src=\"https:\/\/www.carliseppf.com\/wp-content\/uploads\/2025\/10\/c5d2f6550e7a34e29d3e3bc4c9aef7b2.png\" alt=\"Profissional de Escurecimento de Janelas de Carro \u2013 Filme Roxo de Camale\u00e3o de F\u00e1cil Aplica\u00e7\u00e3o\" width=\"800\" height=\"800\" srcset=\"https:\/\/www.carliseppf.com\/wp-content\/uploads\/2025\/10\/c5d2f6550e7a34e29d3e3bc4c9aef7b2.png 800w, https:\/\/www.carliseppf.com\/wp-content\/uploads\/2025\/10\/c5d2f6550e7a34e29d3e3bc4c9aef7b2-300x300.png 300w, https:\/\/www.carliseppf.com\/wp-content\/uploads\/2025\/10\/c5d2f6550e7a34e29d3e3bc4c9aef7b2-150x150.png 150w, https:\/\/www.carliseppf.com\/wp-content\/uploads\/2025\/10\/c5d2f6550e7a34e29d3e3bc4c9aef7b2-768x768.png 768w, https:\/\/www.carliseppf.com\/wp-content\/uploads\/2025\/10\/c5d2f6550e7a34e29d3e3bc4c9aef7b2-370x370.png 370w, https:\/\/www.carliseppf.com\/wp-content\/uploads\/2025\/10\/c5d2f6550e7a34e29d3e3bc4c9aef7b2-120x120.png 120w, https:\/\/www.carliseppf.com\/wp-content\/uploads\/2025\/10\/c5d2f6550e7a34e29d3e3bc4c9aef7b2-410x410.png 410w, https:\/\/www.carliseppf.com\/wp-content\/uploads\/2025\/10\/c5d2f6550e7a34e29d3e3bc4c9aef7b2-630x630.png 630w, https:\/\/www.carliseppf.com\/wp-content\/uploads\/2025\/10\/c5d2f6550e7a34e29d3e3bc4c9aef7b2-730x730.png 730w, https:\/\/www.carliseppf.com\/wp-content\/uploads\/2025\/10\/c5d2f6550e7a34e29d3e3bc4c9aef7b2-460x460.png 460w\" sizes=\"(max-width: 800px) 100vw, 800px\" \/><\/p>","protected":false},"excerpt":{"rendered":"<p>Premium <strong data-start=\"408\" data-end=\"427\">pel\u00edcula de escurecimento de janelas de carro<\/strong> com espessura de 2 mil\u00edmetros em design de camale\u00e3o roxo. Oferece prote\u00e7\u00e3o UV, rejei\u00e7\u00e3o de calor e privacidade para ve\u00edculos. Fornecimento direto de f\u00e1brica apoia pedidos em grande quantidade e personaliza\u00e7\u00e3o, ideal para profissionais e entusiastas automotivos.<\/p>","protected":false},"featured_media":9280,"comment_status":"open","ping_status":"closed","template":"","meta":[],"product_brand":[],"product_cat":[217],"product_tag":[],"class_list":{"0":"post-9279","1":"product","2":"type-product","3":"status-publish","4":"has-post-thumbnail","6":"product_cat-window-tint-films","8":"first","9":"instock","10":"shipping-taxable","11":"product-type-simple"},"_links":{"self":[{"href":"https:\/\/www.carliseppf.com\/pt\/wp-json\/wp\/v2\/product\/9279","targetHints":{"allow":["GET"]}}],"collection":[{"href":"https:\/\/www.carliseppf.com\/pt\/wp-json\/wp\/v2\/product"}],"about":[{"href":"https:\/\/www.carliseppf.com\/pt\/wp-json\/wp\/v2\/types\/product"}],"replies":[{"embeddable":true,"href":"https:\/\/www.carliseppf.com\/pt\/wp-json\/wp\/v2\/comments?post=9279"}],"wp:featuredmedia":[{"embeddable":true,"href":"https:\/\/www.carliseppf.com\/pt\/wp-json\/wp\/v2\/media\/9280"}],"wp:attachment":[{"href":"https:\/\/www.carliseppf.com\/pt\/wp-json\/wp\/v2\/media?parent=9279"}],"wp:term":[{"taxonomy":"product_brand","embeddable":true,"href":"https:\/\/www.carliseppf.com\/pt\/wp-json\/wp\/v2\/product_brand?post=9279"},{"taxonomy":"product_cat","embeddable":true,"href":"https:\/\/www.carliseppf.com\/pt\/wp-json\/wp\/v2\/product_cat?post=9279"},{"taxonomy":"product_tag","embeddable":true,"href":"https:\/\/www.carliseppf.com\/pt\/wp-json\/wp\/v2\/product_tag?post=9279"}],"curies":[{"name":"wp","href":"https:\/\/api.w.org\/{rel}","templated":true}]}}