{"id":9402,"date":"2025-11-06T09:38:10","date_gmt":"2025-11-06T09:38:10","guid":{"rendered":"https:\/\/www.carliseppf.com\/?post_type=product&#038;p=9402"},"modified":"2025-11-20T11:31:49","modified_gmt":"2025-11-20T11:31:49","slug":"clear-ppf-car-wrap-transparent-tpu","status":"publish","type":"product","link":"https:\/\/www.carliseppf.com\/pt\/product\/clear-ppf-car-wrap-transparent-tpu\/","title":{"rendered":"Filme de Prote\u00e7\u00e3o de Pintura TPU Transparente de Alta Qualidade \u2013 Garantia de 10 Anos, Materiais Premium do Brasil"},"content":{"rendered":"<h2 data-start=\"757\" data-end=\"778\">Vis\u00e3o Geral do Produto<\/h2>\n<p data-start=\"779\" data-end=\"1165\">Este <strong data-start=\"784\" data-end=\"806\">envelopamento de carro PPF transparente<\/strong> \u00e9 fabricado com materiais TPU premium do Brasil, oferecendo clareza superior, autorrepar\u00e1vel e prote\u00e7\u00e3o anti-risco. Com garantia de 10 anos, garante prote\u00e7\u00e3o duradoura da pintura para envelopamentos completos ou parciais em carros, motocicletas, cap\u00f4s, espelhos e pain\u00e9is decorativos. Fornecimento direto da f\u00e1brica apoia pedidos em grande quantidade e personaliza\u00e7\u00f5es para instaladores profissionais.<\/p>\n<p data-start=\"779\" data-end=\"1165\"><img fetchpriority=\"high\" decoding=\"async\" class=\"alignnone wp-image-9375 size-full\" src=\"https:\/\/www.carliseppf.com\/wp-content\/uploads\/2025\/11\/\u53d1\u8d27.jpg\" alt=\"envelopamento de carro PPF transparente\" width=\"1440\" height=\"1080\" srcset=\"https:\/\/www.carliseppf.com\/wp-content\/uploads\/2025\/11\/\u53d1\u8d27.jpg 1440w, https:\/\/www.carliseppf.com\/wp-content\/uploads\/2025\/11\/\u53d1\u8d27-300x225.jpg 300w, https:\/\/www.carliseppf.com\/wp-content\/uploads\/2025\/11\/\u53d1\u8d27-1024x768.jpg 1024w, https:\/\/www.carliseppf.com\/wp-content\/uploads\/2025\/11\/\u53d1\u8d27-768x576.jpg 768w, https:\/\/www.carliseppf.com\/wp-content\/uploads\/2025\/11\/\u53d1\u8d27-370x278.jpg 370w, https:\/\/www.carliseppf.com\/wp-content\/uploads\/2025\/11\/\u53d1\u8d27-840x630.jpg 840w, https:\/\/www.carliseppf.com\/wp-content\/uploads\/2025\/11\/\u53d1\u8d27-410x308.jpg 410w, https:\/\/www.carliseppf.com\/wp-content\/uploads\/2025\/11\/\u53d1\u8d27-730x548.jpg 730w, https:\/\/www.carliseppf.com\/wp-content\/uploads\/2025\/11\/elementor\/thumbs\/\u53d1\u8d27-re5rja5867tgsyfqoyoalvsonkkdojf2bxo1jjsmgo.jpg 400w\" sizes=\"(max-width: 1440px) 100vw, 1440px\" \/><\/p>\n<h2 data-start=\"1167\" data-end=\"1191\">Recursos &amp; Benef\u00edcios<\/h2>\n<ul data-start=\"1192\" data-end=\"1475\">\n<li data-start=\"1192\" data-end=\"1256\">\n<p data-start=\"1194\" data-end=\"1256\">Filme TPU transparente para alta claridade <strong data-start=\"1232\" data-end=\"1254\">envelopamento de carro PPF transparente<\/strong><\/p>\n<\/li>\n<li data-start=\"1257\" data-end=\"1301\">\n<p data-start=\"1259\" data-end=\"1301\">Tecnologia de auto-reparo e anti-risco<\/p>\n<\/li>\n<li data-start=\"1302\" data-end=\"1343\">\n<p data-start=\"1304\" data-end=\"1343\">Acabamento brilhante com durabilidade premium<\/p>\n<\/li>\n<li data-start=\"1344\" data-end=\"1394\">\n<p data-start=\"1346\" data-end=\"1394\">Flex\u00edvel e f\u00e1cil de aplicar em curvas e arestas<\/p>\n<\/li>\n<li data-start=\"1395\" data-end=\"1475\">\n<p data-start=\"1397\" data-end=\"1475\">Ideal para cobertura total ou parcial do ve\u00edculo, pedidos em grande quantidade e projetos personalizados<\/p>\n<\/li>\n<\/ul>\n<h2 data-start=\"1477\" data-end=\"1503\">Material de Alta Qualidade<\/h2>\n<ul data-start=\"1504\" data-end=\"1641\">\n<li data-start=\"1504\" data-end=\"1538\">\n<p data-start=\"1506\" data-end=\"1538\">Vinil automotivo TPU de alta qualidade<\/p>\n<\/li>\n<li data-start=\"1539\" data-end=\"1570\">\n<p data-start=\"1541\" data-end=\"1570\">Resistente a UV e \u00e0 \u00e1gua<\/p>\n<\/li>\n<li data-start=\"1571\" data-end=\"1593\">\n<p data-start=\"1573\" data-end=\"1593\">Seguro para pintura OEM<\/p>\n<\/li>\n<li data-start=\"1594\" data-end=\"1641\">\n<p data-start=\"1596\" data-end=\"1641\">Desempenho duradouro ao ar livre (10 anos)<\/p>\n<\/li>\n<\/ul>\n<h2 data-start=\"1643\" data-end=\"1676\">Instala\u00e7\u00e3o &amp; Personaliza\u00e7\u00e3o<\/h2>\n<ul data-start=\"1677\" data-end=\"1875\">\n<li data-start=\"1677\" data-end=\"1729\">\n<p data-start=\"1679\" data-end=\"1729\">Adesivo de libera\u00e7\u00e3o de ar para aplica\u00e7\u00e3o sem bolhas<\/p>\n<\/li>\n<li data-start=\"1730\" data-end=\"1768\">\n<p data-start=\"1732\" data-end=\"1768\">Form\u00e1vel ao calor para curvas e arestas<\/p>\n<\/li>\n<li data-start=\"1769\" data-end=\"1820\">\n<p data-start=\"1771\" data-end=\"1820\">Rolos personaliz\u00e1veis para pedidos em grande quantidade ou atacado<\/p>\n<\/li>\n<li data-start=\"1821\" data-end=\"1875\">\n<p data-start=\"1823\" data-end=\"1875\">Adequado para instaladores profissionais e usu\u00e1rios de bricolagem<\/p>\n<\/li>\n<\/ul>\n<h2 data-start=\"1877\" data-end=\"1894\">Aplica\u00e7\u00f5es<\/h2>\n<ul data-start=\"1895\" data-end=\"2082\">\n<li data-start=\"1895\" data-end=\"1942\">\n<p data-start=\"1897\" data-end=\"1942\">Envelopamentos completos de ve\u00edculos: carros, SUVs, motocicletas<\/p>\n<\/li>\n<li data-start=\"1943\" data-end=\"1993\">\n<p data-start=\"1945\" data-end=\"1993\">Envelopamentos parciais: cap\u00f4s, tetos, espelhos, spoilers<\/p>\n<\/li>\n<li data-start=\"1994\" data-end=\"2034\">\n<p data-start=\"1996\" data-end=\"2034\">Acabamentos internos e pain\u00e9is decorativos<\/p>\n<\/li>\n<li data-start=\"2035\" data-end=\"2082\">\n<p data-start=\"2037\" data-end=\"2082\">Perfeito para <strong data-start=\"2049\" data-end=\"2071\">envelopamento de carro PPF transparente<\/strong> projetos<\/p>\n<\/li>\n<\/ul>\n<h2 data-start=\"2084\" data-end=\"2103\">Vantagens principais<\/h2>\n<ul data-start=\"2104\" data-end=\"2384\">\n<li data-start=\"2104\" data-end=\"2146\">\n<p data-start=\"2106\" data-end=\"2146\">Premium <strong data-start=\"2114\" data-end=\"2136\">envelopamento de carro PPF transparente<\/strong> qualidade<\/p>\n<\/li>\n<li data-start=\"2147\" data-end=\"2203\">\n<p data-start=\"2149\" data-end=\"2203\">Autorrepar\u00e1vel, anti-risco e clareza duradoura<\/p>\n<\/li>\n<li data-start=\"2204\" data-end=\"2258\">\n<p data-start=\"2206\" data-end=\"2258\">Direto da f\u00e1brica, totalmente personaliz\u00e1vel para pedidos em grande quantidade<\/p>\n<\/li>\n<li data-start=\"2259\" data-end=\"2322\">\n<p data-start=\"2261\" data-end=\"2322\">Instala\u00e7\u00e3o f\u00e1cil para usu\u00e1rios de bricolagem e instaladores profissionais<\/p>\n<\/li>\n<li data-start=\"2323\" data-end=\"2384\">\n<p data-start=\"2325\" data-end=\"2384\">Perfeito para oficinas automotivas, instaladores e entusiastas<\/p>\n<\/li>\n<\/ul>\n<h2 data-start=\"2386\" data-end=\"2407\">Inclui no pacote<\/h2>\n<ul data-start=\"2408\" data-end=\"2515\">\n<li data-start=\"2408\" data-end=\"2446\">\n<p data-start=\"2410\" data-end=\"2446\">1 Rolo de Filme TPU PPF Transparente<\/p>\n<\/li>\n<li data-start=\"2447\" data-end=\"2515\">\n<p data-start=\"2449\" data-end=\"2515\">Kit de instala\u00e7\u00e3o opcional: esp\u00e1tula, l\u00e2mina, pano de microfibra<\/p>\n<\/li>\n<\/ul>\n<h2 data-start=\"2517\" data-end=\"2546\">Por que escolher este produto?<\/h2>\n<p data-start=\"2547\" data-end=\"2782\">Este direto da f\u00e1brica <strong data-start=\"2567\" data-end=\"2589\">envelopamento de carro PPF transparente<\/strong> oferece prote\u00e7\u00e3o de n\u00edvel profissional, m\u00e1xima clareza e durabilidade de 10 anos. Totalmente personaliz\u00e1vel para pedidos em grande quantidade ou individuais, ideal para instaladores, atacadistas e entusiastas automotivos.<\/p>","protected":false},"excerpt":{"rendered":"<p>Proteja seu ve\u00edculo com este <strong data-start=\"448\" data-end=\"470\">envelopamento de carro PPF transparente<\/strong> \u2013 filme de prote\u00e7\u00e3o de pintura TPU transparente de alta qualidade com garantia de 10 anos e materiais premium do Brasil. Fornecimento direto da f\u00e1brica, personaliz\u00e1vel para pedidos em grande quantidade. Ideal para instaladores profissionais, oficinas automotivas e entusiastas que buscam m\u00e1xima clareza e durabilidade.<\/p>","protected":false},"featured_media":9407,"comment_status":"open","ping_status":"closed","template":"","meta":[],"product_brand":[],"product_cat":[215],"product_tag":[],"class_list":{"0":"post-9402","1":"product","2":"type-product","3":"status-publish","4":"has-post-thumbnail","6":"product_cat-paint-protection-film-ppf","8":"first","9":"instock","10":"shipping-taxable","11":"product-type-simple"},"_links":{"self":[{"href":"https:\/\/www.carliseppf.com\/pt\/wp-json\/wp\/v2\/product\/9402","targetHints":{"allow":["GET"]}}],"collection":[{"href":"https:\/\/www.carliseppf.com\/pt\/wp-json\/wp\/v2\/product"}],"about":[{"href":"https:\/\/www.carliseppf.com\/pt\/wp-json\/wp\/v2\/types\/product"}],"replies":[{"embeddable":true,"href":"https:\/\/www.carliseppf.com\/pt\/wp-json\/wp\/v2\/comments?post=9402"}],"wp:featuredmedia":[{"embeddable":true,"href":"https:\/\/www.carliseppf.com\/pt\/wp-json\/wp\/v2\/media\/9407"}],"wp:attachment":[{"href":"https:\/\/www.carliseppf.com\/pt\/wp-json\/wp\/v2\/media?parent=9402"}],"wp:term":[{"taxonomy":"product_brand","embeddable":true,"href":"https:\/\/www.carliseppf.com\/pt\/wp-json\/wp\/v2\/product_brand?post=9402"},{"taxonomy":"product_cat","embeddable":true,"href":"https:\/\/www.carliseppf.com\/pt\/wp-json\/wp\/v2\/product_cat?post=9402"},{"taxonomy":"product_tag","embeddable":true,"href":"https:\/\/www.carliseppf.com\/pt\/wp-json\/wp\/v2\/product_tag?post=9402"}],"curies":[{"name":"wp","href":"https:\/\/api.w.org\/{rel}","templated":true}]}}