{"id":9417,"date":"2025-11-14T06:57:49","date_gmt":"2025-11-14T06:57:49","guid":{"rendered":"https:\/\/www.carliseppf.com\/?post_type=product&#038;p=9417"},"modified":"2025-11-20T11:26:53","modified_gmt":"2025-11-20T11:26:53","slug":"tpu-film-suppliers-custom-brand-ppf","status":"publish","type":"product","link":"https:\/\/www.carliseppf.com\/pt\/product\/tpu-film-suppliers-custom-brand-ppf\/","title":{"rendered":"Filme de Prote\u00e7\u00e3o de Pintura em TPU de Marca Personalizada \u2013 Filme de Prote\u00e7\u00e3o de Carro que N\u00e3o Amarela por 10 Anos"},"content":{"rendered":"<h2 data-start=\"698\" data-end=\"719\">Vis\u00e3o Geral do Produto<\/h2>\n<p data-start=\"720\" data-end=\"1033\">Este filme de prote\u00e7\u00e3o de pintura TPU de alta qualidade de l\u00edder <strong data-start=\"777\" data-end=\"799\">fornecedores de filme tpu<\/strong> garante que seu ve\u00edculo permane\u00e7a protegido com um acabamento dur\u00e1vel e que n\u00e3o amarela. Perfeito para envelopamentos completos ou parciais em carros, motocicletas, cap\u00f4s, espelhos e pain\u00e9is decorativos. Fornecimento direto de f\u00e1brica suporta pedidos em grande quantidade e tamanhos personalizados.<\/p>\n<p data-start=\"720\" data-end=\"1033\"><img fetchpriority=\"high\" decoding=\"async\" class=\"alignnone wp-image-9419 size-full\" src=\"https:\/\/www.carliseppf.com\/wp-content\/uploads\/2025\/11\/b79361e7481a3db96fa1948f973fc6fe.png\" alt=\"fornecedores de filme tpu\" width=\"790\" height=\"1133\" srcset=\"https:\/\/www.carliseppf.com\/wp-content\/uploads\/2025\/11\/b79361e7481a3db96fa1948f973fc6fe.png 790w, https:\/\/www.carliseppf.com\/wp-content\/uploads\/2025\/11\/b79361e7481a3db96fa1948f973fc6fe-209x300.png 209w, https:\/\/www.carliseppf.com\/wp-content\/uploads\/2025\/11\/b79361e7481a3db96fa1948f973fc6fe-714x1024.png 714w, https:\/\/www.carliseppf.com\/wp-content\/uploads\/2025\/11\/b79361e7481a3db96fa1948f973fc6fe-768x1101.png 768w, https:\/\/www.carliseppf.com\/wp-content\/uploads\/2025\/11\/b79361e7481a3db96fa1948f973fc6fe-370x531.png 370w, https:\/\/www.carliseppf.com\/wp-content\/uploads\/2025\/11\/b79361e7481a3db96fa1948f973fc6fe-410x588.png 410w, https:\/\/www.carliseppf.com\/wp-content\/uploads\/2025\/11\/b79361e7481a3db96fa1948f973fc6fe-730x1047.png 730w\" sizes=\"(max-width: 790px) 100vw, 790px\" \/><\/p>\n<h2 data-start=\"1035\" data-end=\"1059\">Recursos &amp; Benef\u00edcios<\/h2>\n<ul data-start=\"1060\" data-end=\"1310\">\n<li data-start=\"1060\" data-end=\"1114\">\n<p data-start=\"1062\" data-end=\"1114\">Filme TPU que n\u00e3o amarela para prote\u00e7\u00e3o de longa dura\u00e7\u00e3o<\/p>\n<\/li>\n<li data-start=\"1115\" data-end=\"1159\">\n<p data-start=\"1117\" data-end=\"1159\">Tecnologia de auto-reparo e anti-risco<\/p>\n<\/li>\n<li data-start=\"1160\" data-end=\"1196\">\n<p data-start=\"1162\" data-end=\"1196\">Acabamento brilhante ou fosco dispon\u00edvel<\/p>\n<\/li>\n<li data-start=\"1197\" data-end=\"1243\">\n<p data-start=\"1199\" data-end=\"1243\">Flex\u00edvel e dur\u00e1vel para instala\u00e7\u00e3o f\u00e1cil<\/p>\n<\/li>\n<li data-start=\"1244\" data-end=\"1310\">\n<p data-start=\"1246\" data-end=\"1310\">Ideal para pedidos em grande quantidade de profissionais <strong data-start=\"1286\" data-end=\"1308\">fornecedores de filme tpu<\/strong><\/p>\n<\/li>\n<\/ul>\n<h2 data-start=\"1312\" data-end=\"1338\">Material de Alta Qualidade<\/h2>\n<ul data-start=\"1339\" data-end=\"1478\">\n<li data-start=\"1339\" data-end=\"1371\">\n<p data-start=\"1341\" data-end=\"1371\">Vinil automotivo TPU premium<\/p>\n<\/li>\n<li data-start=\"1372\" data-end=\"1403\">\n<p data-start=\"1374\" data-end=\"1403\">Resistente a UV e \u00e0 \u00e1gua<\/p>\n<\/li>\n<li data-start=\"1404\" data-end=\"1426\">\n<p data-start=\"1406\" data-end=\"1426\">Seguro para pintura OEM<\/p>\n<\/li>\n<li data-start=\"1427\" data-end=\"1478\">\n<p data-start=\"1429\" data-end=\"1478\">Desempenho externo duradouro de at\u00e9 10 anos<\/p>\n<\/li>\n<\/ul>\n<h2 data-start=\"1480\" data-end=\"1513\">Instala\u00e7\u00e3o &amp; Personaliza\u00e7\u00e3o<\/h2>\n<ul data-start=\"1514\" data-end=\"1712\">\n<li data-start=\"1514\" data-end=\"1566\">\n<p data-start=\"1516\" data-end=\"1566\">Adesivo de libera\u00e7\u00e3o de ar para aplica\u00e7\u00e3o sem bolhas<\/p>\n<\/li>\n<li data-start=\"1567\" data-end=\"1605\">\n<p data-start=\"1569\" data-end=\"1605\">Form\u00e1vel ao calor para curvas e arestas<\/p>\n<\/li>\n<li data-start=\"1606\" data-end=\"1657\">\n<p data-start=\"1608\" data-end=\"1657\">Rolos personaliz\u00e1veis para pedidos em grande quantidade ou atacado<\/p>\n<\/li>\n<li data-start=\"1658\" data-end=\"1712\">\n<p data-start=\"1660\" data-end=\"1712\">Adequado para instaladores profissionais e usu\u00e1rios de bricolagem<\/p>\n<\/li>\n<\/ul>\n<h2 data-start=\"1714\" data-end=\"1731\">Aplica\u00e7\u00f5es<\/h2>\n<ul data-start=\"1732\" data-end=\"1936\">\n<li data-start=\"1732\" data-end=\"1779\">\n<p data-start=\"1734\" data-end=\"1779\">Envelopamentos completos de ve\u00edculos: carros, SUVs, motocicletas<\/p>\n<\/li>\n<li data-start=\"1780\" data-end=\"1830\">\n<p data-start=\"1782\" data-end=\"1830\">Envelopamentos parciais: cap\u00f4s, tetos, espelhos, spoilers<\/p>\n<\/li>\n<li data-start=\"1831\" data-end=\"1871\">\n<p data-start=\"1833\" data-end=\"1871\">Acabamentos internos e pain\u00e9is decorativos<\/p>\n<\/li>\n<li data-start=\"1872\" data-end=\"1936\">\n<p data-start=\"1874\" data-end=\"1936\">Ideal para <strong data-start=\"1884\" data-end=\"1906\">fornecedores de filme tpu<\/strong> Projetos em grande quantidade ou personalizados<\/p>\n<\/li>\n<\/ul>\n<h2 data-start=\"1938\" data-end=\"1959\">Inclui no pacote<\/h2>\n<ul data-start=\"1960\" data-end=\"2068\">\n<li data-start=\"1960\" data-end=\"1999\">\n<p data-start=\"1962\" data-end=\"1999\">1 Rolo de Filme TPU de Marca Personalizada<\/p>\n<\/li>\n<li data-start=\"2000\" data-end=\"2068\">\n<p data-start=\"2002\" data-end=\"2068\">Kit de instala\u00e7\u00e3o opcional: esp\u00e1tula, l\u00e2mina, pano de microfibra<\/p>\n<\/li>\n<\/ul>\n<h2 data-start=\"2070\" data-end=\"2099\">Por que escolher este produto?<\/h2>\n<p data-start=\"2100\" data-end=\"2357\">Como um produto de destaque de <strong data-start=\"2122\" data-end=\"2144\">fornecedores de filme tpu<\/strong>, este Filme de Prote\u00e7\u00e3o de Pintura TPU oferece prote\u00e7\u00e3o de n\u00edvel profissional, desempenho duradouro sem amarelar e personaliza\u00e7\u00e3o direta de f\u00e1brica. Perfeito para instaladores, atacadistas e entusiastas automotivos.<\/p>","protected":false},"excerpt":{"rendered":"<p>Fornecedor de produtos de filme TPU premium \u2013 Filme de prote\u00e7\u00e3o de pintura TPU de marca personalizada com durabilidade de 10 anos sem amarelar. Ideal para instaladores profissionais, oficinas automotivas e empresas que buscam PPF de alta qualidade. Fornecimento direto de f\u00e1brica suporta pedidos em grande quantidade e personaliza\u00e7\u00e3o.<\/p>","protected":false},"featured_media":9418,"comment_status":"open","ping_status":"closed","template":"","meta":[],"product_brand":[],"product_cat":[215],"product_tag":[],"class_list":{"0":"post-9417","1":"product","2":"type-product","3":"status-publish","4":"has-post-thumbnail","6":"product_cat-paint-protection-film-ppf","8":"first","9":"instock","10":"shipping-taxable","11":"product-type-simple"},"_links":{"self":[{"href":"https:\/\/www.carliseppf.com\/pt\/wp-json\/wp\/v2\/product\/9417","targetHints":{"allow":["GET"]}}],"collection":[{"href":"https:\/\/www.carliseppf.com\/pt\/wp-json\/wp\/v2\/product"}],"about":[{"href":"https:\/\/www.carliseppf.com\/pt\/wp-json\/wp\/v2\/types\/product"}],"replies":[{"embeddable":true,"href":"https:\/\/www.carliseppf.com\/pt\/wp-json\/wp\/v2\/comments?post=9417"}],"wp:featuredmedia":[{"embeddable":true,"href":"https:\/\/www.carliseppf.com\/pt\/wp-json\/wp\/v2\/media\/9418"}],"wp:attachment":[{"href":"https:\/\/www.carliseppf.com\/pt\/wp-json\/wp\/v2\/media?parent=9417"}],"wp:term":[{"taxonomy":"product_brand","embeddable":true,"href":"https:\/\/www.carliseppf.com\/pt\/wp-json\/wp\/v2\/product_brand?post=9417"},{"taxonomy":"product_cat","embeddable":true,"href":"https:\/\/www.carliseppf.com\/pt\/wp-json\/wp\/v2\/product_cat?post=9417"},{"taxonomy":"product_tag","embeddable":true,"href":"https:\/\/www.carliseppf.com\/pt\/wp-json\/wp\/v2\/product_tag?post=9417"}],"curies":[{"name":"wp","href":"https:\/\/api.w.org\/{rel}","templated":true}]}}