{"id":9428,"date":"2025-11-15T05:23:24","date_gmt":"2025-11-15T05:23:24","guid":{"rendered":"https:\/\/www.carliseppf.com\/?post_type=product&#038;p=9428"},"modified":"2025-11-20T10:20:27","modified_gmt":"2025-11-20T10:20:27","slug":"tpu-car-wrap-film","status":"publish","type":"product","link":"https:\/\/www.carliseppf.com\/pt\/product\/tpu-car-wrap-film\/","title":{"rendered":"Filme de Prote\u00e7\u00e3o Transparente de TPU para Carro \u2013 Filme Transparente para Envelopamento de Carro"},"content":{"rendered":"<h2 data-start=\"795\" data-end=\"816\">Vis\u00e3o Geral do Produto<\/h2>\n<p data-start=\"817\" data-end=\"1178\">Este filme premium <strong data-start=\"830\" data-end=\"853\">filme transparente para envelopamento de carro<\/strong> e <strong data-start=\"858\" data-end=\"879\">filme de envelopamento de carro tpu<\/strong> possui material TPU transparente, oferecendo prote\u00e7\u00e3o superior \u00e0 pintura do ve\u00edculo contra riscos, impactos menores e desgaste di\u00e1rio. Ideal para envelopamentos completos ou parciais, cap\u00f4s, espelhos e pain\u00e9is decorativos. Fornecimento direto da f\u00e1brica garante pedidos em grande quantidade e tamanhos personalizados para instaladores e atacadistas.<\/p>\n<p data-start=\"817\" data-end=\"1178\"><img fetchpriority=\"high\" decoding=\"async\" class=\"alignnone wp-image-9429 size-full\" src=\"https:\/\/www.carliseppf.com\/wp-content\/uploads\/2025\/11\/1.png\" alt=\"filme de envelopamento de carro tpu\" width=\"800\" height=\"800\" srcset=\"https:\/\/www.carliseppf.com\/wp-content\/uploads\/2025\/11\/1.png 800w, https:\/\/www.carliseppf.com\/wp-content\/uploads\/2025\/11\/1-300x300.png 300w, https:\/\/www.carliseppf.com\/wp-content\/uploads\/2025\/11\/1-150x150.png 150w, https:\/\/www.carliseppf.com\/wp-content\/uploads\/2025\/11\/1-768x768.png 768w, https:\/\/www.carliseppf.com\/wp-content\/uploads\/2025\/11\/1-370x370.png 370w, https:\/\/www.carliseppf.com\/wp-content\/uploads\/2025\/11\/1-120x120.png 120w, https:\/\/www.carliseppf.com\/wp-content\/uploads\/2025\/11\/1-410x410.png 410w, https:\/\/www.carliseppf.com\/wp-content\/uploads\/2025\/11\/1-630x630.png 630w, https:\/\/www.carliseppf.com\/wp-content\/uploads\/2025\/11\/1-730x730.png 730w, https:\/\/www.carliseppf.com\/wp-content\/uploads\/2025\/11\/1-460x460.png 460w\" sizes=\"(max-width: 800px) 100vw, 800px\" \/><\/p>\n<h2 data-start=\"1180\" data-end=\"1202\">Design &amp; Caracter\u00edsticas<\/h2>\n<ul data-start=\"1203\" data-end=\"1531\">\n<li data-start=\"1203\" data-end=\"1256\">\n<p data-start=\"1205\" data-end=\"1256\">Material TPU transparente para prote\u00e7\u00e3o invis\u00edvel<\/p>\n<\/li>\n<li data-start=\"1257\" data-end=\"1304\">\n<p data-start=\"1259\" data-end=\"1304\">Resistente a riscos, \u00e0 prova d'\u00e1gua e flex\u00edvel<\/p>\n<\/li>\n<li data-start=\"1305\" data-end=\"1361\">\n<p data-start=\"1307\" data-end=\"1361\">F\u00e1cil de aplicar em curvas, arestas e superf\u00edcies complexas<\/p>\n<\/li>\n<li data-start=\"1362\" data-end=\"1450\">\n<p data-start=\"1364\" data-end=\"1450\">Compat\u00edvel com ferramentas profissionais <strong data-start=\"1393\" data-end=\"1416\">filme transparente para envelopamento de carro<\/strong> e <strong data-start=\"1421\" data-end=\"1442\">filme de envelopamento de carro tpu<\/strong> adesivos<\/p>\n<\/li>\n<li data-start=\"1451\" data-end=\"1531\">\n<p data-start=\"1453\" data-end=\"1531\">Ideal para cobertura total ou parcial do ve\u00edculo, pedidos em grande quantidade e projetos personalizados<\/p>\n<\/li>\n<\/ul>\n<h2 data-start=\"1533\" data-end=\"1559\">Material de Alta Qualidade<\/h2>\n<ul data-start=\"1560\" data-end=\"1725\">\n<li data-start=\"1560\" data-end=\"1592\">\n<p data-start=\"1562\" data-end=\"1592\">Vinil automotivo de TPU dur\u00e1vel<\/p>\n<\/li>\n<li data-start=\"1593\" data-end=\"1645\">\n<p data-start=\"1595\" data-end=\"1645\">Resistente a UV, \u00e0 prova d'\u00e1gua e seguro para pintura OEM<\/p>\n<\/li>\n<li data-start=\"1646\" data-end=\"1694\">\n<p data-start=\"1648\" data-end=\"1694\">Desempenho duradouro ao ar livre (3\u20135 anos)<\/p>\n<\/li>\n<li data-start=\"1695\" data-end=\"1725\">\n<p data-start=\"1697\" data-end=\"1725\">F\u00e1cil de limpar e manter<\/p>\n<\/li>\n<\/ul>\n<h2 data-start=\"1727\" data-end=\"1765\">Instala\u00e7\u00e3o e personaliza\u00e7\u00e3o f\u00e1ceis<\/h2>\n<ul data-start=\"1766\" data-end=\"1988\">\n<li data-start=\"1766\" data-end=\"1819\">\n<p data-start=\"1768\" data-end=\"1819\">Adesivo de libera\u00e7\u00e3o de ar para instala\u00e7\u00e3o sem bolhas<\/p>\n<\/li>\n<li data-start=\"1820\" data-end=\"1881\">\n<p data-start=\"1822\" data-end=\"1881\">Flex\u00edvel e mold\u00e1vel ao calor para arestas, curvas e cantos<\/p>\n<\/li>\n<li data-start=\"1882\" data-end=\"1933\">\n<p data-start=\"1884\" data-end=\"1933\">Rolos personaliz\u00e1veis para pedidos em grande quantidade ou atacado<\/p>\n<\/li>\n<li data-start=\"1934\" data-end=\"1988\">\n<p data-start=\"1936\" data-end=\"1988\">Adequado para instaladores profissionais e usu\u00e1rios de bricolagem<\/p>\n<\/li>\n<\/ul>\n<h2 data-start=\"1990\" data-end=\"2007\">Aplica\u00e7\u00f5es<\/h2>\n<ul data-start=\"2008\" data-end=\"2212\">\n<li data-start=\"2008\" data-end=\"2047\">\n<p data-start=\"2010\" data-end=\"2047\">Envelopamentos de prote\u00e7\u00e3o de pintura para ve\u00edculos inteiros<\/p>\n<\/li>\n<li data-start=\"2048\" data-end=\"2098\">\n<p data-start=\"2050\" data-end=\"2098\">Envelopamentos parciais: cap\u00f4s, tetos, espelhos, spoilers<\/p>\n<\/li>\n<li data-start=\"2099\" data-end=\"2139\">\n<p data-start=\"2101\" data-end=\"2139\">Acabamentos internos e pain\u00e9is decorativos<\/p>\n<\/li>\n<li data-start=\"2140\" data-end=\"2212\">\n<p data-start=\"2142\" data-end=\"2212\">Ideal para <strong data-start=\"2152\" data-end=\"2175\">filme transparente para envelopamento de carro<\/strong> e <strong data-start=\"2180\" data-end=\"2201\">filme de envelopamento de carro tpu<\/strong> projetos<\/p>\n<\/li>\n<\/ul>\n<h2 data-start=\"2214\" data-end=\"2233\">Especifica\u00e7\u00f5es<\/h2>\n<p data-start=\"2234\" data-end=\"2442\">Material: Vinil automotivo de TPU<br data-start=\"2264\" data-end=\"2267\" \/>Cor: Transparente<br data-start=\"2285\" data-end=\"2288\" \/>Acabamento: Brilhante<br data-start=\"2302\" data-end=\"2305\" \/>Espessura: 150\u2013180 \u03bcm<br data-start=\"2326\" data-end=\"2329\" \/>Adesivo: Libera\u00e7\u00e3o de ar, reposicion\u00e1vel<br data-start=\"2366\" data-end=\"2369\" \/>Durabilidade: 3\u20135 anos ao ar livre<br data-start=\"2398\" data-end=\"2401\" \/>Tamanho do Rolo: Personaliz\u00e1vel para pedidos em grande quantidade<\/p>\n<h2 data-start=\"2444\" data-end=\"2463\">Vantagens principais<\/h2>\n<ul data-start=\"2464\" data-end=\"2732\">\n<li data-start=\"2464\" data-end=\"2506\">\n<p data-start=\"2466\" data-end=\"2506\">Prote\u00e7\u00e3o invis\u00edvel para a pintura do ve\u00edculo<\/p>\n<\/li>\n<li data-start=\"2507\" data-end=\"2551\">\n<p data-start=\"2509\" data-end=\"2551\">Resistente a riscos, dur\u00e1vel e flex\u00edvel<\/p>\n<\/li>\n<li data-start=\"2552\" data-end=\"2606\">\n<p data-start=\"2554\" data-end=\"2606\">Direto da f\u00e1brica, totalmente personaliz\u00e1vel para pedidos em grande quantidade<\/p>\n<\/li>\n<li data-start=\"2607\" data-end=\"2670\">\n<p data-start=\"2609\" data-end=\"2670\">Instala\u00e7\u00e3o f\u00e1cil para usu\u00e1rios de bricolagem e instaladores profissionais<\/p>\n<\/li>\n<li data-start=\"2671\" data-end=\"2732\">\n<p data-start=\"2673\" data-end=\"2732\">Perfeito para oficinas automotivas, instaladores e entusiastas<\/p>\n<\/li>\n<\/ul>\n<h2 data-start=\"2734\" data-end=\"2755\">Inclui no pacote<\/h2>\n<ul data-start=\"2756\" data-end=\"2874\">\n<li data-start=\"2756\" data-end=\"2805\">\n<p data-start=\"2758\" data-end=\"2805\">1 Rolo de Filme de Prote\u00e7\u00e3o Automotiva TPU Transparente<\/p>\n<\/li>\n<li data-start=\"2806\" data-end=\"2874\">\n<p data-start=\"2808\" data-end=\"2874\">Kit de instala\u00e7\u00e3o opcional: esp\u00e1tula, l\u00e2mina, pano de microfibra<\/p>\n<\/li>\n<\/ul>\n<h2 data-start=\"2876\" data-end=\"2905\">Por que escolher este produto?<\/h2>\n<p data-start=\"2906\" data-end=\"3202\">Este direto da f\u00e1brica <strong data-start=\"2926\" data-end=\"2949\">filme transparente para envelopamento de carro<\/strong> e <strong data-start=\"2954\" data-end=\"2975\">filme de envelopamento de carro tpu<\/strong> oferece qualidade profissional, prote\u00e7\u00e3o invis\u00edvel e durabilidade de longa dura\u00e7\u00e3o. Totalmente personaliz\u00e1vel para pedidos em grande quantidade ou individuais, perfeito para instaladores, atacadistas e empresas que oferecem solu\u00e7\u00f5es de envelopamento de vinil premium.<\/p>","protected":false},"excerpt":{"rendered":"<p data-start=\"459\" data-end=\"775\">Proteja seu ve\u00edculo com este <strong data-start=\"490\" data-end=\"513\">filme transparente para envelopamento de carro<\/strong> solu\u00e7\u00e3o \u2013 Filme de Prote\u00e7\u00e3o Transparente de TPU para Carro. Resistente a riscos, \u00e0 prova d'\u00e1gua e direto da f\u00e1brica, totalmente personaliz\u00e1vel para pedidos em grande quantidade. Perfeito para instaladores profissionais, atacadistas e entusiastas automotivos que buscam qualidade premium <strong data-start=\"742\" data-end=\"763\">filme de envelopamento de carro tpu<\/strong> para carros.<\/p>","protected":false},"featured_media":9252,"comment_status":"open","ping_status":"closed","template":"","meta":[],"product_brand":[],"product_cat":[214],"product_tag":[],"class_list":{"0":"post-9428","1":"product","2":"type-product","3":"status-publish","4":"has-post-thumbnail","6":"product_cat-car-vinyl-wrap-film","8":"first","9":"instock","10":"shipping-taxable","11":"product-type-simple"},"_links":{"self":[{"href":"https:\/\/www.carliseppf.com\/pt\/wp-json\/wp\/v2\/product\/9428","targetHints":{"allow":["GET"]}}],"collection":[{"href":"https:\/\/www.carliseppf.com\/pt\/wp-json\/wp\/v2\/product"}],"about":[{"href":"https:\/\/www.carliseppf.com\/pt\/wp-json\/wp\/v2\/types\/product"}],"replies":[{"embeddable":true,"href":"https:\/\/www.carliseppf.com\/pt\/wp-json\/wp\/v2\/comments?post=9428"}],"wp:featuredmedia":[{"embeddable":true,"href":"https:\/\/www.carliseppf.com\/pt\/wp-json\/wp\/v2\/media\/9252"}],"wp:attachment":[{"href":"https:\/\/www.carliseppf.com\/pt\/wp-json\/wp\/v2\/media?parent=9428"}],"wp:term":[{"taxonomy":"product_brand","embeddable":true,"href":"https:\/\/www.carliseppf.com\/pt\/wp-json\/wp\/v2\/product_brand?post=9428"},{"taxonomy":"product_cat","embeddable":true,"href":"https:\/\/www.carliseppf.com\/pt\/wp-json\/wp\/v2\/product_cat?post=9428"},{"taxonomy":"product_tag","embeddable":true,"href":"https:\/\/www.carliseppf.com\/pt\/wp-json\/wp\/v2\/product_tag?post=9428"}],"curies":[{"name":"wp","href":"https:\/\/api.w.org\/{rel}","templated":true}]}}