{"id":9461,"date":"2025-11-17T06:44:40","date_gmt":"2025-11-17T06:44:40","guid":{"rendered":"https:\/\/www.carliseppf.com\/?post_type=product&#038;p=9461"},"modified":"2025-11-20T10:10:40","modified_gmt":"2025-11-20T10:10:40","slug":"color-changing-car-wrap-dragon-blood-red","status":"publish","type":"product","link":"https:\/\/www.carliseppf.com\/pt\/product\/color-changing-car-wrap-dragon-blood-red\/","title":{"rendered":"Metal L\u00edquido Vermelho Sangue de Drag\u00e3o \u2013 Envelopamento de Carro com Mudan\u00e7a de Cor"},"content":{"rendered":"<h2 data-start=\"756\" data-end=\"777\">Vis\u00e3o Geral do Produto<\/h2>\n<p data-start=\"778\" data-end=\"1123\">Este filme premium <strong data-start=\"791\" data-end=\"818\">envelopamento de carro que muda de cor<\/strong> vinil apresenta PVC de metal l\u00edquido Dragon Blood Red, proporcionando um efeito din\u00e2mico e chamativo para carros, motocicletas e ve\u00edculos personalizados. Perfeito para envelopamentos completos ou parciais, pain\u00e9is de carroceria e acabamentos decorativos. Fornecimento direto da f\u00e1brica garante pedidos em grande quantidade e tamanhos personalizados para instaladores e atacadistas.<\/p>\n<p data-start=\"778\" data-end=\"1123\"><img fetchpriority=\"high\" decoding=\"async\" class=\"alignnone wp-image-9464 size-full\" src=\"https:\/\/www.carliseppf.com\/wp-content\/uploads\/2025\/11\/\u9f99\u8840\u7ea22.png\" alt=\"envelopamento de carro que muda de cor\" width=\"800\" height=\"800\" srcset=\"https:\/\/www.carliseppf.com\/wp-content\/uploads\/2025\/11\/\u9f99\u8840\u7ea22.png 800w, https:\/\/www.carliseppf.com\/wp-content\/uploads\/2025\/11\/\u9f99\u8840\u7ea22-300x300.png 300w, https:\/\/www.carliseppf.com\/wp-content\/uploads\/2025\/11\/\u9f99\u8840\u7ea22-150x150.png 150w, https:\/\/www.carliseppf.com\/wp-content\/uploads\/2025\/11\/\u9f99\u8840\u7ea22-768x768.png 768w, https:\/\/www.carliseppf.com\/wp-content\/uploads\/2025\/11\/\u9f99\u8840\u7ea22-370x370.png 370w, https:\/\/www.carliseppf.com\/wp-content\/uploads\/2025\/11\/\u9f99\u8840\u7ea22-120x120.png 120w, https:\/\/www.carliseppf.com\/wp-content\/uploads\/2025\/11\/\u9f99\u8840\u7ea22-410x410.png 410w, https:\/\/www.carliseppf.com\/wp-content\/uploads\/2025\/11\/\u9f99\u8840\u7ea22-630x630.png 630w, https:\/\/www.carliseppf.com\/wp-content\/uploads\/2025\/11\/\u9f99\u8840\u7ea22-730x730.png 730w, https:\/\/www.carliseppf.com\/wp-content\/uploads\/2025\/11\/\u9f99\u8840\u7ea22-460x460.png 460w\" sizes=\"(max-width: 800px) 100vw, 800px\" \/><\/p>\n<h2 data-start=\"1125\" data-end=\"1147\">Design &amp; Caracter\u00edsticas<\/h2>\n<ul data-start=\"1148\" data-end=\"1491\">\n<li data-start=\"1148\" data-end=\"1211\">\n<p data-start=\"1150\" data-end=\"1211\">Efeito din\u00e2mico de mudan\u00e7a de cor do metal l\u00edquido Dragon Blood Red<\/p>\n<\/li>\n<li data-start=\"1212\" data-end=\"1292\">\n<p data-start=\"1214\" data-end=\"1292\">Material PET\/PVC de alta qualidade para uso profissional <strong data-start=\"1261\" data-end=\"1282\">filme de envelopamento de carro<\/strong> resultados<\/p>\n<\/li>\n<li data-start=\"1293\" data-end=\"1343\">\n<p data-start=\"1295\" data-end=\"1343\">Resistente a riscos, flex\u00edvel e f\u00e1cil de aplicar<\/p>\n<\/li>\n<li data-start=\"1344\" data-end=\"1410\">\n<p data-start=\"1346\" data-end=\"1410\">Compat\u00edvel com ferramentas profissionais <strong data-start=\"1375\" data-end=\"1402\">envelopamento de carro que muda de cor<\/strong> adesivos<\/p>\n<\/li>\n<li data-start=\"1411\" data-end=\"1491\">\n<p data-start=\"1413\" data-end=\"1491\">Ideal para cobertura total ou parcial do ve\u00edculo, pedidos em grande quantidade e projetos personalizados<\/p>\n<\/li>\n<\/ul>\n<h2 data-start=\"1493\" data-end=\"1519\">Material de Alta Qualidade<\/h2>\n<ul data-start=\"1520\" data-end=\"1689\">\n<li data-start=\"1520\" data-end=\"1556\">\n<p data-start=\"1522\" data-end=\"1556\">Vinil automotivo dur\u00e1vel PET\/PVC<\/p>\n<\/li>\n<li data-start=\"1557\" data-end=\"1609\">\n<p data-start=\"1559\" data-end=\"1609\">Resistente a UV, \u00e0 prova d'\u00e1gua e seguro para pintura OEM<\/p>\n<\/li>\n<li data-start=\"1610\" data-end=\"1658\">\n<p data-start=\"1612\" data-end=\"1658\">Desempenho duradouro ao ar livre (3\u20135 anos)<\/p>\n<\/li>\n<li data-start=\"1659\" data-end=\"1689\">\n<p data-start=\"1661\" data-end=\"1689\">F\u00e1cil de limpar e manter<\/p>\n<\/li>\n<\/ul>\n<h2 data-start=\"1691\" data-end=\"1729\">Instala\u00e7\u00e3o e personaliza\u00e7\u00e3o f\u00e1ceis<\/h2>\n<ul data-start=\"1730\" data-end=\"1961\">\n<li data-start=\"1730\" data-end=\"1783\">\n<p data-start=\"1732\" data-end=\"1783\">Adesivo de libera\u00e7\u00e3o de ar para instala\u00e7\u00e3o sem bolhas<\/p>\n<\/li>\n<li data-start=\"1784\" data-end=\"1854\">\n<p data-start=\"1786\" data-end=\"1854\">Flex\u00edvel e mold\u00e1vel ao calor para bordas, curvas e superf\u00edcies complexas<\/p>\n<\/li>\n<li data-start=\"1855\" data-end=\"1906\">\n<p data-start=\"1857\" data-end=\"1906\">Rolos personaliz\u00e1veis para pedidos em grande quantidade ou atacado<\/p>\n<\/li>\n<li data-start=\"1907\" data-end=\"1961\">\n<p data-start=\"1909\" data-end=\"1961\">Adequado para instaladores profissionais e usu\u00e1rios de bricolagem<\/p>\n<\/li>\n<\/ul>\n<h2 data-start=\"1963\" data-end=\"1980\">Aplica\u00e7\u00f5es<\/h2>\n<ul data-start=\"1981\" data-end=\"2177\">\n<li data-start=\"1981\" data-end=\"2034\">\n<p data-start=\"1983\" data-end=\"2034\">Envelopamentos completos de ve\u00edculos: carros, SUVs, motocicletas, vans<\/p>\n<\/li>\n<li data-start=\"2035\" data-end=\"2085\">\n<p data-start=\"2037\" data-end=\"2085\">Envelopamentos parciais: cap\u00f4s, tetos, espelhos, spoilers<\/p>\n<\/li>\n<li data-start=\"2086\" data-end=\"2126\">\n<p data-start=\"2088\" data-end=\"2126\">Acabamentos internos e pain\u00e9is decorativos<\/p>\n<\/li>\n<li data-start=\"2127\" data-end=\"2177\">\n<p data-start=\"2129\" data-end=\"2177\">Ideal para <strong data-start=\"2139\" data-end=\"2166\">envelopamento de carro que muda de cor<\/strong> projetos<\/p>\n<\/li>\n<\/ul>\n<h2 data-start=\"2179\" data-end=\"2198\">Especifica\u00e7\u00f5es<\/h2>\n<p data-start=\"2199\" data-end=\"2445\">Material: vinil automotivo de PET\/PVC<br data-start=\"2233\" data-end=\"2236\" \/>Cor: Metal l\u00edquido Dragon Blood Red<br data-start=\"2272\" data-end=\"2275\" \/>Acabamento: Op\u00e7\u00f5es brilhante \/ fosco<br data-start=\"2305\" data-end=\"2308\" \/>Espessura: 150\u2013180 \u03bcm<br data-start=\"2329\" data-end=\"2332\" \/>Adesivo: Libera\u00e7\u00e3o de ar, reposicion\u00e1vel<br data-start=\"2369\" data-end=\"2372\" \/>Durabilidade: 3\u20135 anos ao ar livre<br data-start=\"2401\" data-end=\"2404\" \/>Tamanho do Rolo: Personaliz\u00e1vel para pedidos em grande quantidade<\/p>\n<h2 data-start=\"2447\" data-end=\"2466\">Vantagens principais<\/h2>\n<ul data-start=\"2467\" data-end=\"2740\">\n<li data-start=\"2467\" data-end=\"2514\">\n<p data-start=\"2469\" data-end=\"2514\">Premium <strong data-start=\"2477\" data-end=\"2504\">envelopamento de carro que muda de cor<\/strong> qualidade<\/p>\n<\/li>\n<li data-start=\"2515\" data-end=\"2559\">\n<p data-start=\"2517\" data-end=\"2559\">Resistente a riscos, dur\u00e1vel e flex\u00edvel<\/p>\n<\/li>\n<li data-start=\"2560\" data-end=\"2614\">\n<p data-start=\"2562\" data-end=\"2614\">Direto da f\u00e1brica, totalmente personaliz\u00e1vel para pedidos em grande quantidade<\/p>\n<\/li>\n<li data-start=\"2615\" data-end=\"2678\">\n<p data-start=\"2617\" data-end=\"2678\">Instala\u00e7\u00e3o f\u00e1cil para usu\u00e1rios de bricolagem e instaladores profissionais<\/p>\n<\/li>\n<li data-start=\"2679\" data-end=\"2740\">\n<p data-start=\"2681\" data-end=\"2740\">Perfeito para oficinas automotivas, instaladores e entusiastas<\/p>\n<\/li>\n<\/ul>\n<h2 data-start=\"2742\" data-end=\"2763\">Inclui no pacote<\/h2>\n<ul data-start=\"2764\" data-end=\"2886\">\n<li data-start=\"2764\" data-end=\"2817\">\n<p data-start=\"2766\" data-end=\"2817\">1 Rolo de vinil PVC de metal l\u00edquido Dragon Blood Red<\/p>\n<\/li>\n<li data-start=\"2818\" data-end=\"2886\">\n<p data-start=\"2820\" data-end=\"2886\">Kit de instala\u00e7\u00e3o opcional: esp\u00e1tula, l\u00e2mina, pano de microfibra<\/p>\n<\/li>\n<\/ul>\n<h2 data-start=\"2888\" data-end=\"2917\">Por que escolher este produto?<\/h2>\n<p data-start=\"2918\" data-end=\"3235\">Este direto da f\u00e1brica <strong data-start=\"2938\" data-end=\"2965\">envelopamento de carro que muda de cor<\/strong> vinil oferece qualidade profissional, acabamento vibrante de metal l\u00edquido Dragon Blood Red e prote\u00e7\u00e3o duradoura. Totalmente personaliz\u00e1vel para pedidos em grande quantidade ou individuais, perfeito para instaladores, atacadistas e empresas que oferecem solu\u00e7\u00f5es premium <strong data-start=\"3199\" data-end=\"3222\">envelopamento de vinil para carros<\/strong> solu\u00e7\u00f5es.<\/p>","protected":false},"excerpt":{"rendered":"<p>Atualize seu ve\u00edculo com este <strong data-start=\"459\" data-end=\"486\">envelopamento de carro que muda de cor<\/strong> \u2013 filme de metal l\u00edquido de alta qualidade Dragon Blood Red. Resistente a riscos, dur\u00e1vel e direto da f\u00e1brica, totalmente personaliz\u00e1vel para pedidos em grande quantidade. Ideal para instaladores profissionais, atacadistas e entusiastas automotivos que buscam solu\u00e7\u00f5es premium de envelopamento de vinil.<\/p>","protected":false},"featured_media":9462,"comment_status":"open","ping_status":"closed","template":"","meta":[],"product_brand":[],"product_cat":[214],"product_tag":[],"class_list":{"0":"post-9461","1":"product","2":"type-product","3":"status-publish","4":"has-post-thumbnail","6":"product_cat-car-vinyl-wrap-film","8":"first","9":"instock","10":"shipping-taxable","11":"product-type-simple"},"_links":{"self":[{"href":"https:\/\/www.carliseppf.com\/pt\/wp-json\/wp\/v2\/product\/9461","targetHints":{"allow":["GET"]}}],"collection":[{"href":"https:\/\/www.carliseppf.com\/pt\/wp-json\/wp\/v2\/product"}],"about":[{"href":"https:\/\/www.carliseppf.com\/pt\/wp-json\/wp\/v2\/types\/product"}],"replies":[{"embeddable":true,"href":"https:\/\/www.carliseppf.com\/pt\/wp-json\/wp\/v2\/comments?post=9461"}],"wp:featuredmedia":[{"embeddable":true,"href":"https:\/\/www.carliseppf.com\/pt\/wp-json\/wp\/v2\/media\/9462"}],"wp:attachment":[{"href":"https:\/\/www.carliseppf.com\/pt\/wp-json\/wp\/v2\/media?parent=9461"}],"wp:term":[{"taxonomy":"product_brand","embeddable":true,"href":"https:\/\/www.carliseppf.com\/pt\/wp-json\/wp\/v2\/product_brand?post=9461"},{"taxonomy":"product_cat","embeddable":true,"href":"https:\/\/www.carliseppf.com\/pt\/wp-json\/wp\/v2\/product_cat?post=9461"},{"taxonomy":"product_tag","embeddable":true,"href":"https:\/\/www.carliseppf.com\/pt\/wp-json\/wp\/v2\/product_tag?post=9461"}],"curies":[{"name":"wp","href":"https:\/\/api.w.org\/{rel}","templated":true}]}}