{"id":9468,"date":"2025-11-17T07:17:32","date_gmt":"2025-11-17T07:17:32","guid":{"rendered":"https:\/\/www.carliseppf.com\/?post_type=product&#038;p=9468"},"modified":"2025-11-20T10:08:42","modified_gmt":"2025-11-20T10:08:42","slug":"car-wrap-colors-glossy-red","status":"publish","type":"product","link":"https:\/\/www.carliseppf.com\/pt\/product\/car-wrap-colors-glossy-red\/","title":{"rendered":"Vinil PVC Vermelho Brilhante \u2013 Cores de Envelopamento Automotivo"},"content":{"rendered":"<h2 data-start=\"693\" data-end=\"714\">Vis\u00e3o Geral do Produto<\/h2>\n<p data-start=\"715\" data-end=\"1015\">Este filme premium <strong data-start=\"728\" data-end=\"747\">solu\u00e7\u00e3o de cores de envelopamento automotivo<\/strong> O vinil oferece um acabamento vermelho brilhante vibrante, combinando estilo e prote\u00e7\u00e3o da pintura. Perfeito para envelopamentos de carros completos ou parciais, motocicletas, acabamentos internos e pain\u00e9is de carroceria personalizados. O fornecimento direto da f\u00e1brica garante pedidos em grande quantidade e dimensionamento personalizado para instaladores e atacadistas.<\/p>\n<p data-start=\"715\" data-end=\"1015\"><img fetchpriority=\"high\" decoding=\"async\" class=\"alignnone wp-image-9467 size-full\" src=\"https:\/\/www.carliseppf.com\/wp-content\/uploads\/2025\/11\/\u9f99\u8840\u7ea25-scaled.jpg\" alt=\"solu\u00e7\u00e3o de cores de envelopamento automotivo\" width=\"2560\" height=\"1440\" srcset=\"https:\/\/www.carliseppf.com\/wp-content\/uploads\/2025\/11\/\u9f99\u8840\u7ea25-scaled.jpg 2560w, https:\/\/www.carliseppf.com\/wp-content\/uploads\/2025\/11\/\u9f99\u8840\u7ea25-300x169.jpg 300w, https:\/\/www.carliseppf.com\/wp-content\/uploads\/2025\/11\/\u9f99\u8840\u7ea25-1024x576.jpg 1024w, https:\/\/www.carliseppf.com\/wp-content\/uploads\/2025\/11\/\u9f99\u8840\u7ea25-768x432.jpg 768w, https:\/\/www.carliseppf.com\/wp-content\/uploads\/2025\/11\/\u9f99\u8840\u7ea25-1536x864.jpg 1536w, https:\/\/www.carliseppf.com\/wp-content\/uploads\/2025\/11\/\u9f99\u8840\u7ea25-2048x1152.jpg 2048w, https:\/\/www.carliseppf.com\/wp-content\/uploads\/2025\/11\/\u9f99\u8840\u7ea25-370x208.jpg 370w, https:\/\/www.carliseppf.com\/wp-content\/uploads\/2025\/11\/\u9f99\u8840\u7ea25-1290x725.jpg 1290w, https:\/\/www.carliseppf.com\/wp-content\/uploads\/2025\/11\/\u9f99\u8840\u7ea25-840x473.jpg 840w, https:\/\/www.carliseppf.com\/wp-content\/uploads\/2025\/11\/\u9f99\u8840\u7ea25-410x231.jpg 410w, https:\/\/www.carliseppf.com\/wp-content\/uploads\/2025\/11\/\u9f99\u8840\u7ea25-730x411.jpg 730w, https:\/\/www.carliseppf.com\/wp-content\/uploads\/2025\/11\/\u9f99\u8840\u7ea25-270x152.jpg 270w\" sizes=\"(max-width: 2560px) 100vw, 2560px\" \/><\/p>\n<h2 data-start=\"1017\" data-end=\"1039\">Design &amp; Caracter\u00edsticas<\/h2>\n<ul data-start=\"1040\" data-end=\"1346\">\n<li data-start=\"1040\" data-end=\"1120\">\n<p data-start=\"1042\" data-end=\"1120\">Acabamento em PVC vermelho brilhante vibrante para <strong data-start=\"1089\" data-end=\"1110\">filme de envelopamento de carro<\/strong> resultados<\/p>\n<\/li>\n<li data-start=\"1121\" data-end=\"1183\">\n<p data-start=\"1123\" data-end=\"1183\">Resistente a arranh\u00f5es e com adesivo para f\u00e1cil aplica\u00e7\u00e3o<\/p>\n<\/li>\n<li data-start=\"1184\" data-end=\"1265\">\n<p data-start=\"1186\" data-end=\"1265\">Flex\u00edvel, dur\u00e1vel e compat\u00edvel com <strong data-start=\"1238\" data-end=\"1257\">solu\u00e7\u00e3o de cores de envelopamento automotivo<\/strong> adesivos<\/p>\n<\/li>\n<li data-start=\"1266\" data-end=\"1346\">\n<p data-start=\"1268\" data-end=\"1346\">Ideal para cobertura total ou parcial do ve\u00edculo, pedidos em grande quantidade e projetos personalizados<\/p>\n<\/li>\n<\/ul>\n<h2 data-start=\"1348\" data-end=\"1374\">Material de Alta Qualidade<\/h2>\n<ul data-start=\"1375\" data-end=\"1540\">\n<li data-start=\"1375\" data-end=\"1407\">\n<p data-start=\"1377\" data-end=\"1407\">Vinil automotivo de PVC dur\u00e1vel<\/p>\n<\/li>\n<li data-start=\"1408\" data-end=\"1460\">\n<p data-start=\"1410\" data-end=\"1460\">Resistente a UV, \u00e0 prova d'\u00e1gua e seguro para pintura OEM<\/p>\n<\/li>\n<li data-start=\"1461\" data-end=\"1509\">\n<p data-start=\"1463\" data-end=\"1509\">Desempenho duradouro ao ar livre (3\u20135 anos)<\/p>\n<\/li>\n<li data-start=\"1510\" data-end=\"1540\">\n<p data-start=\"1512\" data-end=\"1540\">F\u00e1cil de limpar e manter<\/p>\n<\/li>\n<\/ul>\n<h2 data-start=\"1542\" data-end=\"1580\">Instala\u00e7\u00e3o e personaliza\u00e7\u00e3o f\u00e1ceis<\/h2>\n<ul data-start=\"1581\" data-end=\"1811\">\n<li data-start=\"1581\" data-end=\"1633\">\n<p data-start=\"1583\" data-end=\"1633\">Adesivo de libera\u00e7\u00e3o de ar para aplica\u00e7\u00e3o sem bolhas<\/p>\n<\/li>\n<li data-start=\"1634\" data-end=\"1704\">\n<p data-start=\"1636\" data-end=\"1704\">Flex\u00edvel e mold\u00e1vel ao calor para bordas, curvas e superf\u00edcies complexas<\/p>\n<\/li>\n<li data-start=\"1705\" data-end=\"1756\">\n<p data-start=\"1707\" data-end=\"1756\">Rolos personaliz\u00e1veis para pedidos em grande quantidade ou atacado<\/p>\n<\/li>\n<li data-start=\"1757\" data-end=\"1811\">\n<p data-start=\"1759\" data-end=\"1811\">Adequado para instaladores profissionais e usu\u00e1rios de bricolagem<\/p>\n<\/li>\n<\/ul>\n<h2 data-start=\"1813\" data-end=\"1830\">Aplica\u00e7\u00f5es<\/h2>\n<ul data-start=\"1831\" data-end=\"2019\">\n<li data-start=\"1831\" data-end=\"1884\">\n<p data-start=\"1833\" data-end=\"1884\">Envelopamentos completos de ve\u00edculos: carros, SUVs, motocicletas, vans<\/p>\n<\/li>\n<li data-start=\"1885\" data-end=\"1935\">\n<p data-start=\"1887\" data-end=\"1935\">Envelopamentos parciais: cap\u00f4s, tetos, espelhos, spoilers<\/p>\n<\/li>\n<li data-start=\"1936\" data-end=\"1976\">\n<p data-start=\"1938\" data-end=\"1976\">Acabamentos internos e pain\u00e9is decorativos<\/p>\n<\/li>\n<li data-start=\"1977\" data-end=\"2019\">\n<p data-start=\"1979\" data-end=\"2019\">Ideal para <strong data-start=\"1989\" data-end=\"2008\">solu\u00e7\u00e3o de cores de envelopamento automotivo<\/strong> projetos<\/p>\n<\/li>\n<\/ul>\n<h2 data-start=\"2021\" data-end=\"2040\">Especifica\u00e7\u00f5es<\/h2>\n<p data-start=\"2041\" data-end=\"2248\">Material: Vinil automotivo de PVC<br data-start=\"2071\" data-end=\"2074\" \/>Cor: Vermelho Brilhante<br data-start=\"2091\" data-end=\"2094\" \/>Acabamento: Brilhante<br data-start=\"2108\" data-end=\"2111\" \/>Espessura: 150\u2013180 \u03bcm<br data-start=\"2132\" data-end=\"2135\" \/>Adesivo: Libera\u00e7\u00e3o de ar, reposicion\u00e1vel<br data-start=\"2172\" data-end=\"2175\" \/>Durabilidade: 3\u20135 anos ao ar livre<br data-start=\"2204\" data-end=\"2207\" \/>Tamanho do Rolo: Personaliz\u00e1vel para pedidos em grande quantidade<\/p>\n<h2 data-start=\"2250\" data-end=\"2269\">Vantagens principais<\/h2>\n<ul data-start=\"2270\" data-end=\"2535\">\n<li data-start=\"2270\" data-end=\"2309\">\n<p data-start=\"2272\" data-end=\"2309\">Premium <strong data-start=\"2280\" data-end=\"2299\">solu\u00e7\u00e3o de cores de envelopamento automotivo<\/strong> qualidade<\/p>\n<\/li>\n<li data-start=\"2310\" data-end=\"2354\">\n<p data-start=\"2312\" data-end=\"2354\">Resistente a riscos, dur\u00e1vel e flex\u00edvel<\/p>\n<\/li>\n<li data-start=\"2355\" data-end=\"2409\">\n<p data-start=\"2357\" data-end=\"2409\">Direto da f\u00e1brica, totalmente personaliz\u00e1vel para pedidos em grande quantidade<\/p>\n<\/li>\n<li data-start=\"2410\" data-end=\"2473\">\n<p data-start=\"2412\" data-end=\"2473\">Instala\u00e7\u00e3o f\u00e1cil para usu\u00e1rios de bricolagem e instaladores profissionais<\/p>\n<\/li>\n<li data-start=\"2474\" data-end=\"2535\">\n<p data-start=\"2476\" data-end=\"2535\">Perfeito para oficinas automotivas, instaladores e entusiastas<\/p>\n<\/li>\n<\/ul>\n<h2 data-start=\"2537\" data-end=\"2558\">Inclui no pacote<\/h2>\n<ul data-start=\"2559\" data-end=\"2676\">\n<li data-start=\"2559\" data-end=\"2607\">\n<p data-start=\"2561\" data-end=\"2607\">1 Rolo de Folha de Envelopamento de Vinil PVC Vermelho Brilhante<\/p>\n<\/li>\n<li data-start=\"2608\" data-end=\"2676\">\n<p data-start=\"2610\" data-end=\"2676\">Kit de instala\u00e7\u00e3o opcional: esp\u00e1tula, l\u00e2mina, pano de microfibra<\/p>\n<\/li>\n<\/ul>\n<h2 data-start=\"2678\" data-end=\"2707\">Por que escolher este produto?<\/h2>\n<p data-start=\"2708\" data-end=\"2998\">Este direto da f\u00e1brica <strong data-start=\"2728\" data-end=\"2747\">solu\u00e7\u00e3o de cores de envelopamento automotivo<\/strong> O vinil oferece qualidade de n\u00edvel profissional, acabamento vermelho brilhante vibrante e prote\u00e7\u00e3o duradoura. Totalmente personaliz\u00e1vel para pedidos em grande quantidade ou \u00fanicos, perfeito para instaladores, atacadistas e empresas que oferecem <strong data-start=\"2962\" data-end=\"2985\">envelopamento de vinil para carros<\/strong> solu\u00e7\u00f5es.<\/p>","protected":false},"excerpt":{"rendered":"<p>Realce seu ve\u00edculo com esta <strong data-start=\"392\" data-end=\"411\">solu\u00e7\u00e3o de cores de envelopamento automotivo<\/strong> solu\u00e7\u00e3o \u2013 folha de envelopamento de vinil PVC vermelho brilhante no atacado. Resistente a arranh\u00f5es, com adesivo e dur\u00e1vel, totalmente personaliz\u00e1vel para pedidos em grande quantidade. Ideal para instaladores profissionais, atacadistas e entusiastas automotivos que buscam solu\u00e7\u00f5es de envelopamento de vinil de alta qualidade.<\/p>","protected":false},"featured_media":9469,"comment_status":"open","ping_status":"closed","template":"","meta":[],"product_brand":[],"product_cat":[214],"product_tag":[],"class_list":{"0":"post-9468","1":"product","2":"type-product","3":"status-publish","4":"has-post-thumbnail","6":"product_cat-car-vinyl-wrap-film","8":"first","9":"instock","10":"shipping-taxable","11":"product-type-simple"},"_links":{"self":[{"href":"https:\/\/www.carliseppf.com\/pt\/wp-json\/wp\/v2\/product\/9468","targetHints":{"allow":["GET"]}}],"collection":[{"href":"https:\/\/www.carliseppf.com\/pt\/wp-json\/wp\/v2\/product"}],"about":[{"href":"https:\/\/www.carliseppf.com\/pt\/wp-json\/wp\/v2\/types\/product"}],"replies":[{"embeddable":true,"href":"https:\/\/www.carliseppf.com\/pt\/wp-json\/wp\/v2\/comments?post=9468"}],"wp:featuredmedia":[{"embeddable":true,"href":"https:\/\/www.carliseppf.com\/pt\/wp-json\/wp\/v2\/media\/9469"}],"wp:attachment":[{"href":"https:\/\/www.carliseppf.com\/pt\/wp-json\/wp\/v2\/media?parent=9468"}],"wp:term":[{"taxonomy":"product_brand","embeddable":true,"href":"https:\/\/www.carliseppf.com\/pt\/wp-json\/wp\/v2\/product_brand?post=9468"},{"taxonomy":"product_cat","embeddable":true,"href":"https:\/\/www.carliseppf.com\/pt\/wp-json\/wp\/v2\/product_cat?post=9468"},{"taxonomy":"product_tag","embeddable":true,"href":"https:\/\/www.carliseppf.com\/pt\/wp-json\/wp\/v2\/product_tag?post=9468"}],"curies":[{"name":"wp","href":"https:\/\/api.w.org\/{rel}","templated":true}]}}