{"id":9506,"date":"2025-11-18T03:50:04","date_gmt":"2025-11-18T03:50:04","guid":{"rendered":"https:\/\/www.carliseppf.com\/?post_type=product&#038;p=9506"},"modified":"2025-11-20T09:17:19","modified_gmt":"2025-11-20T09:17:19","slug":"car-wrapping-film-nado-gray","status":"publish","type":"product","link":"https:\/\/www.carliseppf.com\/pt\/product\/car-wrapping-film-nado-gray\/","title":{"rendered":"Vinil de Mudan\u00e7a de Cor Nado Gray Deep Crystal \u2013 Filme de Envelopamento de Carros"},"content":{"rendered":"<h2 data-start=\"740\" data-end=\"761\">Vis\u00e3o Geral do Produto<\/h2>\n<p data-start=\"762\" data-end=\"1092\">Este filme premium <strong data-start=\"775\" data-end=\"796\">filme de envelopamento de carro<\/strong> apresenta vinil de mudan\u00e7a de cor Nado Gray Deep Crystal, combinando estilo e prote\u00e7\u00e3o duradoura contra a pintura. Perfeito para envelopamentos completos ou parciais de carros, motocicletas, acabamentos internos e designs criativos personalizados. Fornecimento direto da f\u00e1brica garante pedidos em grande quantidade e tamanhos personalizados para instaladores e atacadistas.<\/p>\n<p data-start=\"762\" data-end=\"1092\"><img fetchpriority=\"high\" decoding=\"async\" class=\"alignnone wp-image-9510 size-full\" src=\"https:\/\/www.carliseppf.com\/wp-content\/uploads\/2025\/11\/\u7eb3\u591a\u70703.jpg\" alt=\"filme de envelopamento de carro\u200b\" width=\"1080\" height=\"1440\" srcset=\"https:\/\/www.carliseppf.com\/wp-content\/uploads\/2025\/11\/\u7eb3\u591a\u70703.jpg 1080w, https:\/\/www.carliseppf.com\/wp-content\/uploads\/2025\/11\/\u7eb3\u591a\u70703-225x300.jpg 225w, https:\/\/www.carliseppf.com\/wp-content\/uploads\/2025\/11\/\u7eb3\u591a\u70703-768x1024.jpg 768w, https:\/\/www.carliseppf.com\/wp-content\/uploads\/2025\/11\/\u7eb3\u591a\u70703-370x493.jpg 370w, https:\/\/www.carliseppf.com\/wp-content\/uploads\/2025\/11\/\u7eb3\u591a\u70703-840x1120.jpg 840w, https:\/\/www.carliseppf.com\/wp-content\/uploads\/2025\/11\/\u7eb3\u591a\u70703-410x547.jpg 410w, https:\/\/www.carliseppf.com\/wp-content\/uploads\/2025\/11\/\u7eb3\u591a\u70703-730x973.jpg 730w\" sizes=\"(max-width: 1080px) 100vw, 1080px\" \/><\/p>\n<h2 data-start=\"1094\" data-end=\"1116\">Design &amp; Caracter\u00edsticas<\/h2>\n<ul data-start=\"1117\" data-end=\"1429\">\n<li data-start=\"1117\" data-end=\"1174\">\n<p data-start=\"1119\" data-end=\"1174\">Acabamento de mudan\u00e7a de cor Nado Gray Deep Crystal impressionante<\/p>\n<\/li>\n<li data-start=\"1175\" data-end=\"1241\">\n<p data-start=\"1177\" data-end=\"1241\">Material PET\/PVC liso para profissional <strong data-start=\"1218\" data-end=\"1239\">filme de envelopamento de carro<\/strong><\/p>\n<\/li>\n<li data-start=\"1242\" data-end=\"1312\">\n<p data-start=\"1244\" data-end=\"1312\">Adequado para envelopamento completo ou parcial <strong data-start=\"1278\" data-end=\"1301\">envelopamento de vinil para carros<\/strong> projetos<\/p>\n<\/li>\n<li data-start=\"1313\" data-end=\"1362\">\n<p data-start=\"1315\" data-end=\"1362\">Ideal para criar designs \u00fanicos <strong data-start=\"1341\" data-end=\"1360\">solu\u00e7\u00e3o de cores de envelopamento automotivo<\/strong><\/p>\n<\/li>\n<li data-start=\"1363\" data-end=\"1429\">\n<p data-start=\"1365\" data-end=\"1429\">Perfeito para oficinas automotivas, pedidos em grande quantidade e projetos personalizados<\/p>\n<\/li>\n<\/ul>\n<h2 data-start=\"1431\" data-end=\"1457\">Material de Alta Qualidade<\/h2>\n<ul data-start=\"1458\" data-end=\"1663\">\n<li data-start=\"1458\" data-end=\"1508\">\n<p data-start=\"1460\" data-end=\"1508\">Vinil automotivo de PET\/PVC dur\u00e1vel e resistente a UV<\/p>\n<\/li>\n<li data-start=\"1509\" data-end=\"1558\">\n<p data-start=\"1511\" data-end=\"1558\">\u00c0 prova de riscos, \u00e0 prova d'\u00e1gua, seguro para pintura OEM<\/p>\n<\/li>\n<li data-start=\"1559\" data-end=\"1607\">\n<p data-start=\"1561\" data-end=\"1607\">Desempenho duradouro ao ar livre (3\u20135 anos)<\/p>\n<\/li>\n<li data-start=\"1608\" data-end=\"1663\">\n<p data-start=\"1610\" data-end=\"1663\">Compat\u00edvel com ferramentas profissionais <strong data-start=\"1639\" data-end=\"1661\">ferramentas para envelopamento de carros<\/strong><\/p>\n<\/li>\n<\/ul>\n<h2 data-start=\"1665\" data-end=\"1703\">Instala\u00e7\u00e3o e personaliza\u00e7\u00e3o f\u00e1ceis<\/h2>\n<ul data-start=\"1704\" data-end=\"1919\">\n<li data-start=\"1704\" data-end=\"1760\">\n<p data-start=\"1706\" data-end=\"1760\">Adesivo de libera\u00e7\u00e3o de ar garante aplica\u00e7\u00e3o sem bolhas<\/p>\n<\/li>\n<li data-start=\"1761\" data-end=\"1812\">\n<p data-start=\"1763\" data-end=\"1812\">Flex\u00edvel e mold\u00e1vel ao calor para curvas e arestas<\/p>\n<\/li>\n<li data-start=\"1813\" data-end=\"1864\">\n<p data-start=\"1815\" data-end=\"1864\">Rolos personaliz\u00e1veis para pedidos em grande quantidade ou atacado<\/p>\n<\/li>\n<li data-start=\"1865\" data-end=\"1919\">\n<p data-start=\"1867\" data-end=\"1919\">Adequado para instaladores profissionais e usu\u00e1rios de bricolagem<\/p>\n<\/li>\n<\/ul>\n<h2 data-start=\"1921\" data-end=\"1938\">Aplica\u00e7\u00f5es<\/h2>\n<ul data-start=\"1939\" data-end=\"2129\">\n<li data-start=\"1939\" data-end=\"1992\">\n<p data-start=\"1941\" data-end=\"1992\">Envelopamentos completos de ve\u00edculos: carros, SUVs, motocicletas, vans<\/p>\n<\/li>\n<li data-start=\"1993\" data-end=\"2043\">\n<p data-start=\"1995\" data-end=\"2043\">Envelopamentos parciais: cap\u00f4s, tetos, espelhos, spoilers<\/p>\n<\/li>\n<li data-start=\"2044\" data-end=\"2084\">\n<p data-start=\"2046\" data-end=\"2084\">Acabamentos internos e pain\u00e9is decorativos<\/p>\n<\/li>\n<li data-start=\"2085\" data-end=\"2129\">\n<p data-start=\"2087\" data-end=\"2129\">Ideal para <strong data-start=\"2097\" data-end=\"2118\">filme de envelopamento de carro<\/strong> projetos<\/p>\n<\/li>\n<\/ul>\n<h2 data-start=\"2131\" data-end=\"2150\">Especifica\u00e7\u00f5es<\/h2>\n<p data-start=\"2151\" data-end=\"2406\">Material: vinil automotivo de PET\/PVC<br data-start=\"2185\" data-end=\"2188\" \/>Cor: Nado Gray Deep Crystal (Mudan\u00e7a de Cor)<br data-start=\"2234\" data-end=\"2237\" \/>Acabamento: Alto Brilho<br data-start=\"2255\" data-end=\"2258\" \/>Espessura: 150\u2013180 \u03bcm<br data-start=\"2279\" data-end=\"2282\" \/>Adesivo: Libera\u00e7\u00e3o de ar, reposicion\u00e1vel<br data-start=\"2319\" data-end=\"2322\" \/>Durabilidade: 3\u20135 anos ao ar livre<br data-start=\"2351\" data-end=\"2354\" \/>Tamanho do rolo: 1,52*17M (personaliz\u00e1vel para pedidos em grande quantidade)<\/p>\n<h2 data-start=\"2408\" data-end=\"2427\">Vantagens principais<\/h2>\n<ul data-start=\"2428\" data-end=\"2684\">\n<li data-start=\"2428\" data-end=\"2472\">\n<p data-start=\"2430\" data-end=\"2472\">De grau profissional <strong data-start=\"2449\" data-end=\"2470\">filme de envelopamento de carro<\/strong><\/p>\n<\/li>\n<li data-start=\"2473\" data-end=\"2524\">\n<p data-start=\"2475\" data-end=\"2524\">Acabamento vibrante de mudan\u00e7a de cor Nado Gray Crystal<\/p>\n<\/li>\n<li data-start=\"2525\" data-end=\"2565\">\n<p data-start=\"2527\" data-end=\"2565\">Dur\u00e1vel, \u00e0 prova de UV, resistente a riscos<\/p>\n<\/li>\n<li data-start=\"2566\" data-end=\"2620\">\n<p data-start=\"2568\" data-end=\"2620\">Direto da f\u00e1brica, totalmente personaliz\u00e1vel para pedidos em grande quantidade<\/p>\n<\/li>\n<li data-start=\"2621\" data-end=\"2684\">\n<p data-start=\"2623\" data-end=\"2684\">Instala\u00e7\u00e3o f\u00e1cil para usu\u00e1rios de bricolagem e instaladores profissionais<\/p>\n<\/li>\n<\/ul>\n<h2 data-start=\"2686\" data-end=\"2707\">Inclui no pacote<\/h2>\n<ul data-start=\"2708\" data-end=\"2828\">\n<li data-start=\"2708\" data-end=\"2759\">\n<p data-start=\"2710\" data-end=\"2759\">1 Rolo de Vinil para Envelopamento de Carro Nado Gray Deep Crystal<\/p>\n<\/li>\n<li data-start=\"2760\" data-end=\"2828\">\n<p data-start=\"2762\" data-end=\"2828\">Kit de instala\u00e7\u00e3o opcional: esp\u00e1tula, l\u00e2mina, pano de microfibra<\/p>\n<\/li>\n<\/ul>\n<h2 data-start=\"2830\" data-end=\"2859\">Por que escolher este produto?<\/h2>\n<p data-start=\"2860\" data-end=\"3157\">Este direto da f\u00e1brica <strong data-start=\"2880\" data-end=\"2901\">filme de envelopamento de carro<\/strong> oferece qualidade profissional, efeitos vibrantes de mudan\u00e7a de cor e prote\u00e7\u00e3o duradoura. Totalmente personaliz\u00e1vel para pedidos em grande quantidade ou individuais, perfeito para instaladores, atacadistas e empresas que oferecem solu\u00e7\u00f5es de alta qualidade <strong data-start=\"3121\" data-end=\"3144\">envelopamento de vinil para carros<\/strong> solu\u00e7\u00f5es.<\/p>","protected":false},"excerpt":{"rendered":"<p>Proteja e transforme seu ve\u00edculo com este <strong data-start=\"465\" data-end=\"486\">filme de envelopamento de carro<\/strong> vinil de mudan\u00e7a de cor Nado Gray Deep Crystal direto da f\u00e1brica, totalmente personaliz\u00e1vel para pedidos em grande quantidade, dur\u00e1vel, resistente a riscos e perfeito para instaladores, atacadistas e entusiastas automotivos que buscam solu\u00e7\u00f5es premium de envelopamento de carros.<\/p>","protected":false},"featured_media":9508,"comment_status":"open","ping_status":"closed","template":"","meta":[],"product_brand":[],"product_cat":[214],"product_tag":[],"class_list":{"0":"post-9506","1":"product","2":"type-product","3":"status-publish","4":"has-post-thumbnail","6":"product_cat-car-vinyl-wrap-film","8":"first","9":"instock","10":"shipping-taxable","11":"product-type-simple"},"_links":{"self":[{"href":"https:\/\/www.carliseppf.com\/pt\/wp-json\/wp\/v2\/product\/9506","targetHints":{"allow":["GET"]}}],"collection":[{"href":"https:\/\/www.carliseppf.com\/pt\/wp-json\/wp\/v2\/product"}],"about":[{"href":"https:\/\/www.carliseppf.com\/pt\/wp-json\/wp\/v2\/types\/product"}],"replies":[{"embeddable":true,"href":"https:\/\/www.carliseppf.com\/pt\/wp-json\/wp\/v2\/comments?post=9506"}],"wp:featuredmedia":[{"embeddable":true,"href":"https:\/\/www.carliseppf.com\/pt\/wp-json\/wp\/v2\/media\/9508"}],"wp:attachment":[{"href":"https:\/\/www.carliseppf.com\/pt\/wp-json\/wp\/v2\/media?parent=9506"}],"wp:term":[{"taxonomy":"product_brand","embeddable":true,"href":"https:\/\/www.carliseppf.com\/pt\/wp-json\/wp\/v2\/product_brand?post=9506"},{"taxonomy":"product_cat","embeddable":true,"href":"https:\/\/www.carliseppf.com\/pt\/wp-json\/wp\/v2\/product_cat?post=9506"},{"taxonomy":"product_tag","embeddable":true,"href":"https:\/\/www.carliseppf.com\/pt\/wp-json\/wp\/v2\/product_tag?post=9506"}],"curies":[{"name":"wp","href":"https:\/\/api.w.org\/{rel}","templated":true}]}}