{"id":9527,"date":"2025-11-18T06:51:01","date_gmt":"2025-11-18T06:51:01","guid":{"rendered":"https:\/\/www.carliseppf.com\/?post_type=product&#038;p=9527"},"modified":"2025-11-20T08:48:54","modified_gmt":"2025-11-20T08:48:54","slug":"vinyl-wrap-for-cars-carbon-fiber-camo","status":"publish","type":"product","link":"https:\/\/www.carliseppf.com\/pt\/product\/vinyl-wrap-for-cars-carbon-fiber-camo\/","title":{"rendered":"Envelopamento de Vinil de Fibra de Carbono Camuflada Premium"},"content":{"rendered":"<h3 data-start=\"1225\" data-end=\"1251\"><strong data-start=\"1229\" data-end=\"1251\">Vis\u00e3o Geral do Produto<\/strong><\/h3>\n<p data-start=\"1252\" data-end=\"1559\">Este <strong data-start=\"1257\" data-end=\"1288\">envelopamento de vinil premium para carros<\/strong> combina textura ousada de fibra de carbono 3D com design de camuflagem. Projetado para profissionais <strong data-start=\"1377\" data-end=\"1390\">envelopamentos de carro<\/strong>, este filme \u00e9 perfeito para envelopamentos completos ou parciais, motocicletas, acabamentos internos e projetos em grande escala. Fornecimento direto da f\u00e1brica torna-o ideal para atacadistas e pedidos personalizados.<\/p>\n<p data-start=\"1252\" data-end=\"1559\"><img fetchpriority=\"high\" decoding=\"async\" class=\"alignnone wp-image-9529 size-full\" src=\"https:\/\/www.carliseppf.com\/wp-content\/uploads\/2025\/11\/H5fd831a3b1db4bc6953b256714d3beccn.png_avifclosewebpclose.png\" alt=\"envelopamento de vinil para carros\" width=\"800\" height=\"800\" srcset=\"https:\/\/www.carliseppf.com\/wp-content\/uploads\/2025\/11\/H5fd831a3b1db4bc6953b256714d3beccn.png_avifclosewebpclose.png 800w, https:\/\/www.carliseppf.com\/wp-content\/uploads\/2025\/11\/H5fd831a3b1db4bc6953b256714d3beccn.png_avifclosewebpclose-300x300.png 300w, https:\/\/www.carliseppf.com\/wp-content\/uploads\/2025\/11\/H5fd831a3b1db4bc6953b256714d3beccn.png_avifclosewebpclose-150x150.png 150w, https:\/\/www.carliseppf.com\/wp-content\/uploads\/2025\/11\/H5fd831a3b1db4bc6953b256714d3beccn.png_avifclosewebpclose-768x768.png 768w, https:\/\/www.carliseppf.com\/wp-content\/uploads\/2025\/11\/H5fd831a3b1db4bc6953b256714d3beccn.png_avifclosewebpclose-370x370.png 370w, https:\/\/www.carliseppf.com\/wp-content\/uploads\/2025\/11\/H5fd831a3b1db4bc6953b256714d3beccn.png_avifclosewebpclose-120x120.png 120w, https:\/\/www.carliseppf.com\/wp-content\/uploads\/2025\/11\/H5fd831a3b1db4bc6953b256714d3beccn.png_avifclosewebpclose-410x410.png 410w, https:\/\/www.carliseppf.com\/wp-content\/uploads\/2025\/11\/H5fd831a3b1db4bc6953b256714d3beccn.png_avifclosewebpclose-630x630.png 630w, https:\/\/www.carliseppf.com\/wp-content\/uploads\/2025\/11\/H5fd831a3b1db4bc6953b256714d3beccn.png_avifclosewebpclose-730x730.png 730w, https:\/\/www.carliseppf.com\/wp-content\/uploads\/2025\/11\/H5fd831a3b1db4bc6953b256714d3beccn.png_avifclosewebpclose-460x460.png 460w\" sizes=\"(max-width: 800px) 100vw, 800px\" \/><\/p>\n<hr data-start=\"1561\" data-end=\"1564\" \/>\n<h3 data-start=\"1566\" data-end=\"1601\"><strong data-start=\"1570\" data-end=\"1601\">Recursos de Design &amp; Visual<\/strong><\/h3>\n<ul data-start=\"1602\" data-end=\"1795\">\n<li data-start=\"1602\" data-end=\"1640\">\n<p data-start=\"1604\" data-end=\"1640\">Padr\u00e3o de camuflagem de fibra de carbono 3D<\/p>\n<\/li>\n<li data-start=\"1641\" data-end=\"1678\">\n<p data-start=\"1643\" data-end=\"1678\">Acabamentos fosco\/mate e brilhante preto fantasma<\/p>\n<\/li>\n<li data-start=\"1679\" data-end=\"1730\">\n<p data-start=\"1681\" data-end=\"1730\">Destaque <strong data-start=\"1690\" data-end=\"1709\">solu\u00e7\u00e3o de cores de envelopamento automotivo<\/strong> para estilo \u00fanico<\/p>\n<\/li>\n<li data-start=\"1731\" data-end=\"1795\">\n<p data-start=\"1733\" data-end=\"1795\">Adequado para envelopamento completo ou parcial <strong data-start=\"1767\" data-end=\"1784\">envelopamento de carro<\/strong> projetos<\/p>\n<\/li>\n<\/ul>\n<p data-start=\"1797\" data-end=\"1873\">Perfeito para instaladores e lojas que oferecem <strong data-start=\"1840\" data-end=\"1863\">envelopamento de vinil para carros<\/strong> servi\u00e7os.<\/p>\n<hr data-start=\"1875\" data-end=\"1878\" \/>\n<h3 data-start=\"1880\" data-end=\"1916\"><strong data-start=\"1884\" data-end=\"1916\">Material de PVC de Alta Qualidade<\/strong><\/h3>\n<ul data-start=\"1917\" data-end=\"2063\">\n<li data-start=\"1917\" data-end=\"1945\">\n<p data-start=\"1919\" data-end=\"1945\">Dur\u00e1vel e resistente a UV<\/p>\n<\/li>\n<li data-start=\"1946\" data-end=\"1991\">\n<p data-start=\"1948\" data-end=\"1991\">\u00c0 prova de riscos, \u00e0 prova d'\u00e1gua e protetor<\/p>\n<\/li>\n<li data-start=\"1992\" data-end=\"2027\">\n<p data-start=\"1994\" data-end=\"2027\">Seguro para todas as superf\u00edcies de pintura OEM<\/p>\n<\/li>\n<li data-start=\"2028\" data-end=\"2063\">\n<p data-start=\"2030\" data-end=\"2063\">De longa dura\u00e7\u00e3o, 3 a 5 anos ao ar livre<\/p>\n<\/li>\n<\/ul>\n<p data-start=\"2065\" data-end=\"2146\">Uma solu\u00e7\u00e3o confi\u00e1vel <strong data-start=\"2076\" data-end=\"2094\">envelopamento de carro em vinil<\/strong> para projetos profissionais e pedidos em grande quantidade.<\/p>\n<hr data-start=\"2148\" data-end=\"2151\" \/>\n<h3 data-start=\"2153\" data-end=\"2197\"><strong data-start=\"2157\" data-end=\"2197\">\u00a0Instala\u00e7\u00e3o e personaliza\u00e7\u00e3o f\u00e1ceis<\/strong><\/h3>\n<ul data-start=\"2198\" data-end=\"2418\">\n<li data-start=\"2198\" data-end=\"2250\">\n<p data-start=\"2200\" data-end=\"2250\">Canais de libera\u00e7\u00e3o de ar para aplica\u00e7\u00e3o sem bolhas<\/p>\n<\/li>\n<li data-start=\"2251\" data-end=\"2306\">\n<p data-start=\"2253\" data-end=\"2306\">Estic\u00e1vel e reposicion\u00e1vel para curvas e bordas<\/p>\n<\/li>\n<li data-start=\"2307\" data-end=\"2359\">\n<p data-start=\"2309\" data-end=\"2359\">Compat\u00edvel com conforma\u00e7\u00e3o a quente para instala\u00e7\u00e3o precisa<\/p>\n<\/li>\n<li data-start=\"2360\" data-end=\"2418\">\n<p data-start=\"2362\" data-end=\"2418\">Dispon\u00edvel em tamanhos personalizados para pedidos em grande quantidade ou atacado<\/p>\n<\/li>\n<\/ul>\n<p data-start=\"2420\" data-end=\"2477\">Ideal para aplica\u00e7\u00e3o total ou parcial <strong data-start=\"2446\" data-end=\"2463\">envolvimento para carros<\/strong> aplica\u00e7\u00f5es.<\/p>\n<hr data-start=\"2479\" data-end=\"2482\" \/>\n<h3 data-start=\"2484\" data-end=\"2507\"><strong data-start=\"2488\" data-end=\"2507\">\u00a0Aplica\u00e7\u00f5es<\/strong><\/h3>\n<ul data-start=\"2508\" data-end=\"2728\">\n<li data-start=\"2508\" data-end=\"2561\">\n<p data-start=\"2510\" data-end=\"2561\">Envelopamentos completos de ve\u00edculos: carros, SUVs, vans, motocicletas<\/p>\n<\/li>\n<li data-start=\"2562\" data-end=\"2612\">\n<p data-start=\"2564\" data-end=\"2612\">Envelopamentos parciais: cap\u00f4s, tetos, espelhos, spoilers<\/p>\n<\/li>\n<li data-start=\"2613\" data-end=\"2653\">\n<p data-start=\"2615\" data-end=\"2653\">Acabamentos internos e pain\u00e9is decorativos<\/p>\n<\/li>\n<li data-start=\"2654\" data-end=\"2728\">\n<p data-start=\"2656\" data-end=\"2728\">Perfeito para instaladores e atacadistas que buscam <strong data-start=\"2703\" data-end=\"2726\">envelopamento de vinil para carros<\/strong><\/p>\n<\/li>\n<\/ul>\n<hr data-start=\"2730\" data-end=\"2733\" \/>\n<h3 data-start=\"2735\" data-end=\"2760\"><strong data-start=\"2739\" data-end=\"2760\">\u00a0Especifica\u00e7\u00f5es<\/strong><\/h3>\n<div class=\"_tableContainer_1rjym_1\">\n<div class=\"group _tableWrapper_1rjym_13 flex w-fit flex-col-reverse\" tabindex=\"-1\">\n<table class=\"w-fit min-w-(--thread-content-width)\" data-start=\"2761\" data-end=\"3057\">\n<thead data-start=\"2761\" data-end=\"2782\">\n<tr data-start=\"2761\" data-end=\"2782\">\n<th data-start=\"2761\" data-end=\"2771\" data-col-size=\"sm\">Recurso<\/th>\n<th data-start=\"2771\" data-end=\"2782\" data-col-size=\"sm\">Detalhes<\/th>\n<\/tr>\n<\/thead>\n<tbody data-start=\"2805\" data-end=\"3057\">\n<tr data-start=\"2805\" data-end=\"2848\">\n<td data-start=\"2805\" data-end=\"2816\" data-col-size=\"sm\">Material<\/td>\n<td data-start=\"2816\" data-end=\"2848\" data-col-size=\"sm\">Vinil automotivo de PVC premium<\/td>\n<\/tr>\n<tr data-start=\"2849\" data-end=\"2889\">\n<td data-start=\"2849\" data-end=\"2859\" data-col-size=\"sm\">Padr\u00e3o<\/td>\n<td data-start=\"2859\" data-end=\"2889\" data-col-size=\"sm\">Camuflagem 3D de fibra de carbono<\/td>\n<\/tr>\n<tr data-start=\"2890\" data-end=\"2913\">\n<td data-start=\"2890\" data-end=\"2898\" data-col-size=\"sm\">Cor<\/td>\n<td data-start=\"2898\" data-end=\"2913\" data-col-size=\"sm\">Ghost Black<\/td>\n<\/tr>\n<tr data-start=\"2914\" data-end=\"2940\">\n<td data-start=\"2914\" data-end=\"2926\" data-col-size=\"sm\">Espessura<\/td>\n<td data-start=\"2926\" data-end=\"2940\" data-col-size=\"sm\">150\u2013180 \u03bcm<\/td>\n<\/tr>\n<tr data-start=\"2941\" data-end=\"2979\">\n<td data-start=\"2941\" data-end=\"2950\" data-col-size=\"sm\">Acabamento<\/td>\n<td data-start=\"2950\" data-end=\"2979\" data-col-size=\"sm\">Textura 3D fosca \/ brilhante<\/td>\n<\/tr>\n<tr data-start=\"2980\" data-end=\"3022\">\n<td data-start=\"2980\" data-end=\"2991\" data-col-size=\"sm\">Adesivo<\/td>\n<td data-start=\"2991\" data-end=\"3022\" data-col-size=\"sm\">Libera\u00e7\u00e3o de ar, reposicion\u00e1vel<\/td>\n<\/tr>\n<tr data-start=\"3023\" data-end=\"3057\">\n<td data-start=\"3023\" data-end=\"3036\" data-col-size=\"sm\">Durabilidade<\/td>\n<td data-start=\"3036\" data-end=\"3057\" data-col-size=\"sm\">3\u20135 anos ao ar livre<\/td>\n<\/tr>\n<\/tbody>\n<\/table>\n<\/div>\n<\/div>\n<hr data-start=\"3059\" data-end=\"3062\" \/>\n<h3 data-start=\"3064\" data-end=\"3089\"><strong data-start=\"3068\" data-end=\"3089\">Vantagens principais<\/strong><\/h3>\n<ul data-start=\"3090\" data-end=\"3413\">\n<li data-start=\"3090\" data-end=\"3165\">\n<p data-start=\"3092\" data-end=\"3165\">Design ousado de camuflagem 3D de fibra de carbono com acabamento premium <strong data-start=\"3144\" data-end=\"3163\">solu\u00e7\u00e3o de cores de envelopamento automotivo<\/strong><\/p>\n<\/li>\n<li data-start=\"3166\" data-end=\"3211\">\n<p data-start=\"3168\" data-end=\"3211\">Dur\u00e1vel, resistente aos UV <strong data-start=\"3186\" data-end=\"3209\">envelopamento de vinil para carros<\/strong><\/p>\n<\/li>\n<li data-start=\"3212\" data-end=\"3279\">\n<p data-start=\"3214\" data-end=\"3279\">Fornecimento direto de f\u00e1brica para pedidos em grande quantidade e projetos personaliz\u00e1veis<\/p>\n<\/li>\n<li data-start=\"3280\" data-end=\"3333\">\n<p data-start=\"3282\" data-end=\"3333\">F\u00e1cil de instalar para profissionais e usu\u00e1rios DIY<\/p>\n<\/li>\n<li data-start=\"3334\" data-end=\"3413\">\n<p data-start=\"3336\" data-end=\"3413\">Ideal para atacadistas ou lojas de envelopamento de carros oferecendo <strong data-start=\"3385\" data-end=\"3402\">envelopamento de carro<\/strong> servi\u00e7os<\/p>\n<\/li>\n<\/ul>\n<hr data-start=\"3415\" data-end=\"3418\" \/>\n<h3 data-start=\"3420\" data-end=\"3447\"><strong data-start=\"3424\" data-end=\"3447\">Inclui no pacote<\/strong><\/h3>\n<ul data-start=\"3448\" data-end=\"3565\">\n<li data-start=\"3448\" data-end=\"3496\">\n<p data-start=\"3450\" data-end=\"3496\">1 Rolo de Vinil de Camuflagem em Fibra de Carbono<\/p>\n<\/li>\n<li data-start=\"3497\" data-end=\"3565\">\n<p data-start=\"3499\" data-end=\"3565\">Kit de instala\u00e7\u00e3o opcional: esp\u00e1tula, l\u00e2mina, pano de microfibra<\/p>\n<\/li>\n<\/ul>\n<hr data-start=\"3567\" data-end=\"3570\" \/>\n<h3 data-start=\"3572\" data-end=\"3607\"><strong data-start=\"3576\" data-end=\"3607\">Por que escolher este produto?<\/strong><\/h3>\n<p data-start=\"3608\" data-end=\"3850\">Este <strong data-start=\"3613\" data-end=\"3646\">envolvimento de vinil para carro direto da f\u00e1brica<\/strong> oferece qualidade profissional e op\u00e7\u00f5es totalmente personaliz\u00e1veis. Ideal para instaladores e atacadistas que buscam alta qualidade <strong data-start=\"3773\" data-end=\"3786\">envelopamentos de carro<\/strong>, com destaque <strong data-start=\"3802\" data-end=\"3821\">solu\u00e7\u00e3o de cores de envelopamento automotivo<\/strong> e prote\u00e7\u00e3o duradoura.<\/p>","protected":false},"excerpt":{"rendered":"<p data-start=\"908\" data-end=\"1191\">Realce seu ve\u00edculo com esta <strong data-start=\"939\" data-end=\"970\">envelopamento de vinil premium para carros<\/strong>. Direto da f\u00e1brica e totalmente personaliz\u00e1vel para pedidos em grande quantidade, oferece prote\u00e7\u00e3o dur\u00e1vel, exclusivo <strong data-start=\"1066\" data-end=\"1085\">solu\u00e7\u00e3o de cores de envelopamento automotivo<\/strong>, e qualidade de n\u00edvel profissional. Ideal para instaladores e atacadistas que buscam alta qualidade <strong data-start=\"1177\" data-end=\"1190\">envelopamentos de carro<\/strong>.<\/p>","protected":false},"featured_media":9528,"comment_status":"open","ping_status":"closed","template":"","meta":[],"product_brand":[],"product_cat":[214],"product_tag":[],"class_list":{"0":"post-9527","1":"product","2":"type-product","3":"status-publish","4":"has-post-thumbnail","6":"product_cat-car-vinyl-wrap-film","8":"first","9":"instock","10":"shipping-taxable","11":"product-type-simple"},"_links":{"self":[{"href":"https:\/\/www.carliseppf.com\/pt\/wp-json\/wp\/v2\/product\/9527","targetHints":{"allow":["GET"]}}],"collection":[{"href":"https:\/\/www.carliseppf.com\/pt\/wp-json\/wp\/v2\/product"}],"about":[{"href":"https:\/\/www.carliseppf.com\/pt\/wp-json\/wp\/v2\/types\/product"}],"replies":[{"embeddable":true,"href":"https:\/\/www.carliseppf.com\/pt\/wp-json\/wp\/v2\/comments?post=9527"}],"wp:featuredmedia":[{"embeddable":true,"href":"https:\/\/www.carliseppf.com\/pt\/wp-json\/wp\/v2\/media\/9528"}],"wp:attachment":[{"href":"https:\/\/www.carliseppf.com\/pt\/wp-json\/wp\/v2\/media?parent=9527"}],"wp:term":[{"taxonomy":"product_brand","embeddable":true,"href":"https:\/\/www.carliseppf.com\/pt\/wp-json\/wp\/v2\/product_brand?post=9527"},{"taxonomy":"product_cat","embeddable":true,"href":"https:\/\/www.carliseppf.com\/pt\/wp-json\/wp\/v2\/product_cat?post=9527"},{"taxonomy":"product_tag","embeddable":true,"href":"https:\/\/www.carliseppf.com\/pt\/wp-json\/wp\/v2\/product_tag?post=9527"}],"curies":[{"name":"wp","href":"https:\/\/api.w.org\/{rel}","templated":true}]}}