{"id":9740,"date":"2025-11-20T09:40:19","date_gmt":"2025-11-20T09:40:19","guid":{"rendered":"https:\/\/www.carliseppf.com\/?post_type=product&#038;p=9740"},"modified":"2025-11-20T10:32:26","modified_gmt":"2025-11-20T10:32:26","slug":"3m-car-wrap-film-colors-red-pattern","status":"publish","type":"product","link":"https:\/\/www.carliseppf.com\/pt\/product\/3m-car-wrap-film-colors-red-pattern\/","title":{"rendered":"Filme de Fibra de Carbono PVC Vermelho \u2013 Cores de Filmes de Envelopamento de Carros 3M"},"content":{"rendered":"<h2 data-start=\"727\" data-end=\"748\">Vis\u00e3o Geral do Produto<\/h2>\n<p data-start=\"749\" data-end=\"1070\">Este filme premium <strong data-start=\"762\" data-end=\"789\">Cores de filme de envelopamento de carro 3M<\/strong> possui PVC de fibra de carbono vermelha personaliz\u00e1vel, oferecendo estilo e prote\u00e7\u00e3o. Perfeito para envelopamentos completos ou parciais de carros, motocicletas, acabamentos internos e designs criativos personalizados. Fornecimento direto da f\u00e1brica garante pedidos em grande quantidade e tamanhos personalizados para instaladores e atacadistas.<\/p>\n<p data-start=\"749\" data-end=\"1070\"><img fetchpriority=\"high\" decoding=\"async\" class=\"alignnone wp-image-9741 size-full\" src=\"https:\/\/www.carliseppf.com\/wp-content\/uploads\/2025\/11\/H0a02e1d8fabf44a9a051fc032d273f4el.jpg_avifclosewebpclose.png\" alt=\"\" width=\"1027\" height=\"1027\" srcset=\"https:\/\/www.carliseppf.com\/wp-content\/uploads\/2025\/11\/H0a02e1d8fabf44a9a051fc032d273f4el.jpg_avifclosewebpclose.png 1027w, https:\/\/www.carliseppf.com\/wp-content\/uploads\/2025\/11\/H0a02e1d8fabf44a9a051fc032d273f4el.jpg_avifclosewebpclose-300x300.png 300w, https:\/\/www.carliseppf.com\/wp-content\/uploads\/2025\/11\/H0a02e1d8fabf44a9a051fc032d273f4el.jpg_avifclosewebpclose-1024x1024.png 1024w, https:\/\/www.carliseppf.com\/wp-content\/uploads\/2025\/11\/H0a02e1d8fabf44a9a051fc032d273f4el.jpg_avifclosewebpclose-150x150.png 150w, https:\/\/www.carliseppf.com\/wp-content\/uploads\/2025\/11\/H0a02e1d8fabf44a9a051fc032d273f4el.jpg_avifclosewebpclose-768x768.png 768w, https:\/\/www.carliseppf.com\/wp-content\/uploads\/2025\/11\/H0a02e1d8fabf44a9a051fc032d273f4el.jpg_avifclosewebpclose-12x12.png 12w, https:\/\/www.carliseppf.com\/wp-content\/uploads\/2025\/11\/H0a02e1d8fabf44a9a051fc032d273f4el.jpg_avifclosewebpclose-370x370.png 370w, https:\/\/www.carliseppf.com\/wp-content\/uploads\/2025\/11\/H0a02e1d8fabf44a9a051fc032d273f4el.jpg_avifclosewebpclose-120x120.png 120w, https:\/\/www.carliseppf.com\/wp-content\/uploads\/2025\/11\/H0a02e1d8fabf44a9a051fc032d273f4el.jpg_avifclosewebpclose-840x840.png 840w, https:\/\/www.carliseppf.com\/wp-content\/uploads\/2025\/11\/H0a02e1d8fabf44a9a051fc032d273f4el.jpg_avifclosewebpclose-410x410.png 410w, https:\/\/www.carliseppf.com\/wp-content\/uploads\/2025\/11\/H0a02e1d8fabf44a9a051fc032d273f4el.jpg_avifclosewebpclose-630x630.png 630w, https:\/\/www.carliseppf.com\/wp-content\/uploads\/2025\/11\/H0a02e1d8fabf44a9a051fc032d273f4el.jpg_avifclosewebpclose-730x730.png 730w, https:\/\/www.carliseppf.com\/wp-content\/uploads\/2025\/11\/H0a02e1d8fabf44a9a051fc032d273f4el.jpg_avifclosewebpclose-460x460.png 460w\" sizes=\"(max-width: 1027px) 100vw, 1027px\" \/><\/p>\n<h2 data-start=\"1072\" data-end=\"1094\">Design &amp; Caracter\u00edsticas<\/h2>\n<ul data-start=\"1095\" data-end=\"1409\">\n<li data-start=\"1095\" data-end=\"1147\">\n<p data-start=\"1097\" data-end=\"1147\">Acabamento em PVC de fibra de carbono vermelha personaliz\u00e1vel<\/p>\n<\/li>\n<li data-start=\"1148\" data-end=\"1209\">\n<p data-start=\"1150\" data-end=\"1209\">Textura fosca para uso profissional <strong data-start=\"1181\" data-end=\"1202\">filme de envelopamento de carro<\/strong> premium<\/p>\n<\/li>\n<li data-start=\"1210\" data-end=\"1275\">\n<p data-start=\"1212\" data-end=\"1275\">Resistente a riscos, dur\u00e1vel e flex\u00edvel para curvas e arestas<\/p>\n<\/li>\n<li data-start=\"1276\" data-end=\"1342\">\n<p data-start=\"1278\" data-end=\"1342\">Compat\u00edvel com ferramentas profissionais <strong data-start=\"1307\" data-end=\"1334\">Cores de filme de envelopamento de carro 3M<\/strong> adesivos<\/p>\n<\/li>\n<li data-start=\"1343\" data-end=\"1409\">\n<p data-start=\"1345\" data-end=\"1409\">Perfeito para oficinas automotivas, pedidos em grande quantidade e projetos personalizados<\/p>\n<\/li>\n<\/ul>\n<h2 data-start=\"1411\" data-end=\"1437\">Material de Alta Qualidade<\/h2>\n<ul data-start=\"1438\" data-end=\"1607\">\n<li data-start=\"1438\" data-end=\"1474\">\n<p data-start=\"1440\" data-end=\"1474\">Vinil automotivo dur\u00e1vel PET\/PVC<\/p>\n<\/li>\n<li data-start=\"1475\" data-end=\"1527\">\n<p data-start=\"1477\" data-end=\"1527\">Resistente a UV, \u00e0 prova d'\u00e1gua e seguro para pintura OEM<\/p>\n<\/li>\n<li data-start=\"1528\" data-end=\"1576\">\n<p data-start=\"1530\" data-end=\"1576\">Desempenho duradouro ao ar livre (3\u20135 anos)<\/p>\n<\/li>\n<li data-start=\"1577\" data-end=\"1607\">\n<p data-start=\"1579\" data-end=\"1607\">F\u00e1cil de limpar e manter<\/p>\n<\/li>\n<\/ul>\n<h2 data-start=\"1609\" data-end=\"1647\">Instala\u00e7\u00e3o e personaliza\u00e7\u00e3o f\u00e1ceis<\/h2>\n<ul data-start=\"1648\" data-end=\"1885\">\n<li data-start=\"1648\" data-end=\"1701\">\n<p data-start=\"1650\" data-end=\"1701\">Adesivo de libera\u00e7\u00e3o de ar para instala\u00e7\u00e3o sem bolhas<\/p>\n<\/li>\n<li data-start=\"1702\" data-end=\"1772\">\n<p data-start=\"1704\" data-end=\"1772\">Flex\u00edvel e mold\u00e1vel ao calor para bordas, curvas e superf\u00edcies complexas<\/p>\n<\/li>\n<li data-start=\"1773\" data-end=\"1830\">\n<p data-start=\"1775\" data-end=\"1830\">Bobinas totalmente personaliz\u00e1veis para pedidos em grande quantidade ou atacado<\/p>\n<\/li>\n<li data-start=\"1831\" data-end=\"1885\">\n<p data-start=\"1833\" data-end=\"1885\">Adequado para instaladores profissionais e usu\u00e1rios de bricolagem<\/p>\n<\/li>\n<\/ul>\n<h2 data-start=\"1887\" data-end=\"1904\">Aplica\u00e7\u00f5es<\/h2>\n<ul data-start=\"1905\" data-end=\"2101\">\n<li data-start=\"1905\" data-end=\"1958\">\n<p data-start=\"1907\" data-end=\"1958\">Envelopamentos completos de ve\u00edculos: carros, SUVs, motocicletas, vans<\/p>\n<\/li>\n<li data-start=\"1959\" data-end=\"2009\">\n<p data-start=\"1961\" data-end=\"2009\">Envelopamentos parciais: cap\u00f4s, tetos, espelhos, spoilers<\/p>\n<\/li>\n<li data-start=\"2010\" data-end=\"2050\">\n<p data-start=\"2012\" data-end=\"2050\">Acabamentos internos e pain\u00e9is decorativos<\/p>\n<\/li>\n<li data-start=\"2051\" data-end=\"2101\">\n<p data-start=\"2053\" data-end=\"2101\">Ideal para <strong data-start=\"2063\" data-end=\"2090\">Cores de filme de envelopamento de carro 3M<\/strong> projetos<\/p>\n<\/li>\n<\/ul>\n<h2 data-start=\"2103\" data-end=\"2122\">Especifica\u00e7\u00f5es<\/h2>\n<p data-start=\"2123\" data-end=\"2347\">Material: vinil automotivo de PET\/PVC<br data-start=\"2157\" data-end=\"2160\" \/>Cor: Fibra de Carbono Vermelha com Padr\u00e3o<br data-start=\"2191\" data-end=\"2194\" \/>Acabamento: Fosco<br data-start=\"2207\" data-end=\"2210\" \/>Espessura: 150\u2013180 \u03bcm<br data-start=\"2231\" data-end=\"2234\" \/>Adesivo: Libera\u00e7\u00e3o de ar, reposicion\u00e1vel<br data-start=\"2271\" data-end=\"2274\" \/>Durabilidade: 3\u20135 anos ao ar livre<br data-start=\"2303\" data-end=\"2306\" \/>Tamanho do Rolo: Personaliz\u00e1vel para pedidos em grande quantidade<\/p>\n<h2 data-start=\"2349\" data-end=\"2368\">Vantagens principais<\/h2>\n<ul data-start=\"2369\" data-end=\"2642\">\n<li data-start=\"2369\" data-end=\"2416\">\n<p data-start=\"2371\" data-end=\"2416\">Premium <strong data-start=\"2379\" data-end=\"2406\">Cores de filme de envelopamento de carro 3M<\/strong> qualidade<\/p>\n<\/li>\n<li data-start=\"2417\" data-end=\"2461\">\n<p data-start=\"2419\" data-end=\"2461\">Resistente a riscos, dur\u00e1vel e flex\u00edvel<\/p>\n<\/li>\n<li data-start=\"2462\" data-end=\"2516\">\n<p data-start=\"2464\" data-end=\"2516\">Direto da f\u00e1brica, totalmente personaliz\u00e1vel para pedidos em grande quantidade<\/p>\n<\/li>\n<li data-start=\"2517\" data-end=\"2580\">\n<p data-start=\"2519\" data-end=\"2580\">Instala\u00e7\u00e3o f\u00e1cil para usu\u00e1rios de bricolagem e instaladores profissionais<\/p>\n<\/li>\n<li data-start=\"2581\" data-end=\"2642\">\n<p data-start=\"2583\" data-end=\"2642\">Perfeito para oficinas automotivas, instaladores e entusiastas<\/p>\n<\/li>\n<\/ul>\n<h2 data-start=\"2644\" data-end=\"2665\">Inclui no pacote<\/h2>\n<ul data-start=\"2666\" data-end=\"2783\">\n<li data-start=\"2666\" data-end=\"2714\">\n<p data-start=\"2668\" data-end=\"2714\">1 Bobina de Vinil de PVC de Fibra de Carbono Vermelha com Padr\u00e3o<\/p>\n<\/li>\n<li data-start=\"2715\" data-end=\"2783\">\n<p data-start=\"2717\" data-end=\"2783\">Kit de instala\u00e7\u00e3o opcional: esp\u00e1tula, l\u00e2mina, pano de microfibra<\/p>\n<\/li>\n<\/ul>\n<h2 data-start=\"2785\" data-end=\"2814\">Por que escolher este produto?<\/h2>\n<p data-start=\"2815\" data-end=\"3126\">Este direto da f\u00e1brica <strong data-start=\"2835\" data-end=\"2862\">Cores de filme de envelopamento de carro 3M<\/strong> oferece qualidade profissional, acabamento vibrante de fibra de carbono vermelha com padr\u00e3o e prote\u00e7\u00e3o de longa dura\u00e7\u00e3o. Totalmente personaliz\u00e1vel para pedidos em grande quantidade ou individuais, perfeito para instaladores, atacadistas e empresas que oferecem solu\u00e7\u00f5es de alta qualidade <strong data-start=\"3090\" data-end=\"3113\">envelopamento de vinil para carros<\/strong> solu\u00e7\u00f5es.<\/p>\n<p><iframe title=\"9f6e1b803805320b505fbecd1806eb78 raw\" width=\"1260\" height=\"709\" src=\"https:\/\/www.youtube.com\/embed\/oJv329eN0X0?feature=oembed\" frameborder=\"0\" allow=\"accelerometer; autoplay; clipboard-write; encrypted-media; gyroscope; picture-in-picture; web-share\" referrerpolicy=\"strict-origin-when-cross-origin\" allowfullscreen><\/iframe><\/p>","protected":false},"excerpt":{"rendered":"<p>Transforme seu ve\u00edculo com este <strong data-start=\"456\" data-end=\"483\">Cores de filme de envelopamento de carro 3M<\/strong> em PVC de fibra de carbono vermelha personaliz\u00e1vel, direto da f\u00e1brica, resistente a riscos, dur\u00e1vel e flex\u00edvel, ideal para pedidos em grande quantidade, instaladores profissionais e entusiastas automotivos que buscam solu\u00e7\u00f5es premium de envelopamento de vinil.<\/p>","protected":false},"featured_media":9743,"comment_status":"open","ping_status":"closed","template":"","meta":[],"product_brand":[],"product_cat":[214],"product_tag":[],"class_list":{"0":"post-9740","1":"product","2":"type-product","3":"status-publish","4":"has-post-thumbnail","6":"product_cat-car-vinyl-wrap-film","8":"first","9":"instock","10":"shipping-taxable","11":"product-type-simple"},"_links":{"self":[{"href":"https:\/\/www.carliseppf.com\/pt\/wp-json\/wp\/v2\/product\/9740","targetHints":{"allow":["GET"]}}],"collection":[{"href":"https:\/\/www.carliseppf.com\/pt\/wp-json\/wp\/v2\/product"}],"about":[{"href":"https:\/\/www.carliseppf.com\/pt\/wp-json\/wp\/v2\/types\/product"}],"replies":[{"embeddable":true,"href":"https:\/\/www.carliseppf.com\/pt\/wp-json\/wp\/v2\/comments?post=9740"}],"wp:featuredmedia":[{"embeddable":true,"href":"https:\/\/www.carliseppf.com\/pt\/wp-json\/wp\/v2\/media\/9743"}],"wp:attachment":[{"href":"https:\/\/www.carliseppf.com\/pt\/wp-json\/wp\/v2\/media?parent=9740"}],"wp:term":[{"taxonomy":"product_brand","embeddable":true,"href":"https:\/\/www.carliseppf.com\/pt\/wp-json\/wp\/v2\/product_brand?post=9740"},{"taxonomy":"product_cat","embeddable":true,"href":"https:\/\/www.carliseppf.com\/pt\/wp-json\/wp\/v2\/product_cat?post=9740"},{"taxonomy":"product_tag","embeddable":true,"href":"https:\/\/www.carliseppf.com\/pt\/wp-json\/wp\/v2\/product_tag?post=9740"}],"curies":[{"name":"wp","href":"https:\/\/api.w.org\/{rel}","templated":true}]}}